{"id":54118,"date":"2025-04-18T10:55:56","date_gmt":"2025-04-18T08:55:56","guid":{"rendered":"https:\/\/shoko.mindd.dev\/?page_id=54118"},"modified":"2025-11-12T16:20:18","modified_gmt":"2025-11-12T15:20:18","slug":"jak-dziala-izba-przyjec-lekarza-rodzinnego","status":"publish","type":"page","link":"https:\/\/shoko.nl\/pl\/jak-dziala-izba-przyjec-lekarza-rodzinnego\/","title":{"rendered":"Jak dzia\u0142a stacja pogotowia ratunkowego lekarza rodzinnego?"},"content":{"rendered":"\n<p>Punkt ratunkowy lekarza rodzinnego jest do dyspozycji w przypadku pilnych pyta\u0144 medycznych wieczorem, w nocy, w weekendy i w \u015bwi\u0119ta, kt\u00f3re nie mog\u0105 czeka\u0107 do nast\u0119pnego dnia roboczego Twojego w\u0142asnego lekarza rodzinnego.<\/p>\n\n\n\n<p><strong>Zanim do nas zadzwonisz<\/strong><br>Chcesz um\u00f3wi\u0107 si\u0119 na wizyt\u0119 w pogotowiu ratunkowym lekarza rodzinnego? Mo\u017cna to zrobi\u0107 wy\u0142\u0105cznie telefonicznie pod numerem:&nbsp;<strong>040-266 05 05<\/strong>. Nie mo\u017cesz&nbsp;&nbsp;i\u015b\u0107 bez um\u00f3wionego spotkania. Dzwonisz z zagranicy?&nbsp;Zadzwo\u0144 pod numer 0031-402660505.<\/p>\n\n\n\n<p>Piel\u0119gniarka przeprowadzaj\u0105ca tria\u017c zada Ci szereg pyta\u0144, aby okre\u015bli\u0107 powag\u0119 Twoich dolegliwo\u015bci. Mo\u017ce doradzi\u0107 i w razie potrzeby um\u00f3wi\u0107 si\u0119 na wizyt\u0119 u lekarza dy\u017curnego.<\/p>\n\n\n\n<p><strong>Um\u00f3wi\u0107 si\u0119 na wizyt\u0119?&nbsp;<\/strong><strong>Miej pod r\u0119k\u0105 nast\u0119puj\u0105ce informacje:<\/strong><\/p>\n\n\n\n<ul class=\"wp-block-list\">\n<li>Imi\u0119 i nazwisko, adres, numer telefonu, data urodzenia i numer BSN<\/li>\n\n\n\n<li>Imi\u0119 i nazwisko w\u0142asnego lekarza rodzinnego<\/li>\n\n\n\n<li>Nazwa ubezpieczyciela zdrowotnego i numer klienta \/ numer zwi\u0105zku<\/li>\n\n\n\n<li>Aktualnie stosowane leki<\/li>\n<\/ul>\n\n\n\n<figure class=\"wp-block-image size-large\"><img decoding=\"async\" width=\"1024\" height=\"726\" src=\"https:\/\/shoko.nl\/wp-content\/uploads\/sites\/190\/2025\/04\/SHoKo_A3_27072021_final-1030x730-1-1024x726.jpg\" alt=\"\" class=\"wp-image-54120\" srcset=\"https:\/\/shoko.nl\/pl\/wp-content\/uploads\/sites\/229\/2025\/04\/SHoKo_A3_27072021_final-1030x730-1-1024x726.jpg 1024w, https:\/\/shoko.nl\/pl\/wp-content\/uploads\/sites\/229\/2025\/04\/SHoKo_A3_27072021_final-1030x730-1-300x213.jpg 300w, https:\/\/shoko.nl\/pl\/wp-content\/uploads\/sites\/229\/2025\/04\/SHoKo_A3_27072021_final-1030x730-1-768x544.jpg 768w, https:\/\/shoko.nl\/pl\/wp-content\/uploads\/sites\/229\/2025\/04\/SHoKo_A3_27072021_final-1030x730-1.jpg 1030w\" sizes=\"(max-width: 1024px) 100vw, 1024px\" \/><\/figure>\n\n\n\n<p><\/p>\n\n\n\n<p><strong>Zlewnia<\/strong><br>Stacja pogotowia ratunkowego lekarza rodzinnego znajduj\u0105ca si\u0119 w Veldhoven jest dost\u0119pna dla mieszka\u0144c\u00f3w gmin Bergeijk, Bladel, Eersel, Reusel-de Mierden, Valkenswaard, Veldhoven, Waalre i Meerhoven (gmina Eindhoven).<\/p>\n","protected":false},"excerpt":{"rendered":"<p>Punkt ratunkowy lekarza rodzinnego jest do dyspozycji w przypadku pilnych pyta\u0144 medycznych wieczorem, w nocy, w weekendy i w \u015bwi\u0119ta, kt\u00f3re nie mog\u0105 czeka\u0107 do nast\u0119pnego dnia roboczego Twojego w\u0142asnego lekarza rodzinnego. Zanim do nas zadzwoniszChcesz um\u00f3wi\u0107 si\u0119 na wizyt\u0119 w pogotowiu ratunkowym lekarza rodzinnego? Mo\u017cna to zrobi\u0107 wy\u0142\u0105cznie telefonicznie pod numerem:&nbsp;040-266 05 05. Nie [&hellip;]<\/p>\n","protected":false},"author":3,"featured_media":0,"parent":0,"menu_order":0,"comment_status":"closed","ping_status":"closed","template":"","meta":{"_acf_changed":false,"_trash_the_other_posts":false,"editor_notices":[],"footnotes":""},"class_list":["post-54118","page","type-page","status-publish","hentry"],"acf":[],"yoast_head":"<!-- This site is optimized with the Yoast SEO plugin v26.6 - https:\/\/yoast.com\/wordpress\/plugins\/seo\/ -->\n<title>Jak dzia\u0142a stacja pogotowia ratunkowego lekarza rodzinnego? - SHoko huisartsen spoedpost - Polski<\/title>\n<meta name=\"robots\" content=\"index, follow, max-snippet:-1, max-image-preview:large, max-video-preview:-1\" \/>\n<link rel=\"canonical\" href=\"https:\/\/shoko.nl\/pl\/jak-dziala-izba-przyjec-lekarza-rodzinnego\/\" \/>\n<meta property=\"og:locale\" content=\"pl_PL\" \/>\n<meta property=\"og:type\" content=\"article\" \/>\n<meta property=\"og:title\" content=\"Jak dzia\u0142a stacja pogotowia ratunkowego lekarza rodzinnego? - SHoko huisartsen spoedpost - Polski\" \/>\n<meta property=\"og:description\" content=\"Punkt ratunkowy lekarza rodzinnego jest do dyspozycji w przypadku pilnych pyta\u0144 medycznych wieczorem, w nocy, w weekendy i w \u015bwi\u0119ta, kt\u00f3re nie mog\u0105 czeka\u0107 do nast\u0119pnego dnia roboczego Twojego w\u0142asnego lekarza rodzinnego. Zanim do nas zadzwoniszChcesz um\u00f3wi\u0107 si\u0119 na wizyt\u0119 w pogotowiu ratunkowym lekarza rodzinnego? Mo\u017cna to zrobi\u0107 wy\u0142\u0105cznie telefonicznie pod numerem:&nbsp;040-266 05 05. Nie [&hellip;]\" \/>\n<meta property=\"og:url\" content=\"https:\/\/shoko.nl\/pl\/jak-dziala-izba-przyjec-lekarza-rodzinnego\/\" \/>\n<meta property=\"og:site_name\" content=\"SHoko huisartsen spoedpost - Polski\" \/>\n<meta property=\"article:modified_time\" content=\"2025-11-12T15:20:18+00:00\" \/>\n<meta property=\"og:image\" content=\"https:\/\/shoko.nl\/wp-content\/uploads\/sites\/190\/2025\/04\/SHoKo_A3_27072021_final-1030x730-1-1024x726.jpg\" \/>\n<meta name=\"twitter:card\" content=\"summary_large_image\" \/>\n<meta name=\"twitter:label1\" content=\"Szacowany czas czytania\" \/>\n\t<meta name=\"twitter:data1\" content=\"1 minuta\" \/>\n<script type=\"application\/ld+json\" class=\"yoast-schema-graph\">{\"@context\":\"https:\/\/schema.org\",\"@graph\":[{\"@type\":\"WebPage\",\"@id\":\"https:\/\/shoko.nl\/pl\/jak-dziala-izba-przyjec-lekarza-rodzinnego\/\",\"url\":\"https:\/\/shoko.nl\/pl\/jak-dziala-izba-przyjec-lekarza-rodzinnego\/\",\"name\":\"Jak dzia\u0142a stacja pogotowia ratunkowego lekarza rodzinnego? - SHoko huisartsen spoedpost - Polski\",\"isPartOf\":{\"@id\":\"https:\/\/shoko.nl\/pl\/#website\"},\"primaryImageOfPage\":{\"@id\":\"https:\/\/shoko.nl\/pl\/jak-dziala-izba-przyjec-lekarza-rodzinnego\/#primaryimage\"},\"image\":{\"@id\":\"https:\/\/shoko.nl\/pl\/jak-dziala-izba-przyjec-lekarza-rodzinnego\/#primaryimage\"},\"thumbnailUrl\":\"https:\/\/shoko.nl\/wp-content\/uploads\/sites\/190\/2025\/04\/SHoKo_A3_27072021_final-1030x730-1-1024x726.jpg\",\"datePublished\":\"2025-04-18T08:55:56+00:00\",\"dateModified\":\"2025-11-12T15:20:18+00:00\",\"breadcrumb\":{\"@id\":\"https:\/\/shoko.nl\/pl\/jak-dziala-izba-przyjec-lekarza-rodzinnego\/#breadcrumb\"},\"inLanguage\":\"pl-PL\",\"potentialAction\":[{\"@type\":\"ReadAction\",\"target\":[\"https:\/\/shoko.nl\/pl\/jak-dziala-izba-przyjec-lekarza-rodzinnego\/\"]}]},{\"@type\":\"ImageObject\",\"inLanguage\":\"pl-PL\",\"@id\":\"https:\/\/shoko.nl\/pl\/jak-dziala-izba-przyjec-lekarza-rodzinnego\/#primaryimage\",\"url\":\"https:\/\/shoko.nl\/wp-content\/uploads\/sites\/190\/2025\/04\/SHoKo_A3_27072021_final-1030x730-1-1024x726.jpg\",\"contentUrl\":\"https:\/\/shoko.nl\/wp-content\/uploads\/sites\/190\/2025\/04\/SHoKo_A3_27072021_final-1030x730-1-1024x726.jpg\"},{\"@type\":\"BreadcrumbList\",\"@id\":\"https:\/\/shoko.nl\/pl\/jak-dziala-izba-przyjec-lekarza-rodzinnego\/#breadcrumb\",\"itemListElement\":[{\"@type\":\"ListItem\",\"position\":1,\"name\":\"Home\",\"item\":\"https:\/\/shoko.nl\/pl\/\"},{\"@type\":\"ListItem\",\"position\":2,\"name\":\"Jak dzia\u0142a stacja pogotowia ratunkowego lekarza rodzinnego?\"}]},{\"@type\":\"WebSite\",\"@id\":\"https:\/\/shoko.nl\/pl\/#website\",\"url\":\"https:\/\/shoko.nl\/pl\/\",\"name\":\"SHoko huisartsen spoedpost - Polski\",\"description\":\"\",\"potentialAction\":[{\"@type\":\"SearchAction\",\"target\":{\"@type\":\"EntryPoint\",\"urlTemplate\":\"https:\/\/shoko.nl\/pl\/?s={search_term_string}\"},\"query-input\":{\"@type\":\"PropertyValueSpecification\",\"valueRequired\":true,\"valueName\":\"search_term_string\"}}],\"inLanguage\":\"pl-PL\"}]}<\/script>\n<!-- \/ Yoast SEO plugin. -->","yoast_head_json":{"title":"Jak dzia\u0142a stacja pogotowia ratunkowego lekarza rodzinnego? - SHoko huisartsen spoedpost - Polski","robots":{"index":"index","follow":"follow","max-snippet":"max-snippet:-1","max-image-preview":"max-image-preview:large","max-video-preview":"max-video-preview:-1"},"canonical":"https:\/\/shoko.nl\/pl\/jak-dziala-izba-przyjec-lekarza-rodzinnego\/","og_locale":"pl_PL","og_type":"article","og_title":"Jak dzia\u0142a stacja pogotowia ratunkowego lekarza rodzinnego? - SHoko huisartsen spoedpost - Polski","og_description":"Punkt ratunkowy lekarza rodzinnego jest do dyspozycji w przypadku pilnych pyta\u0144 medycznych wieczorem, w nocy, w weekendy i w \u015bwi\u0119ta, kt\u00f3re nie mog\u0105 czeka\u0107 do nast\u0119pnego dnia roboczego Twojego w\u0142asnego lekarza rodzinnego. Zanim do nas zadzwoniszChcesz um\u00f3wi\u0107 si\u0119 na wizyt\u0119 w pogotowiu ratunkowym lekarza rodzinnego? Mo\u017cna to zrobi\u0107 wy\u0142\u0105cznie telefonicznie pod numerem:&nbsp;040-266 05 05. Nie [&hellip;]","og_url":"https:\/\/shoko.nl\/pl\/jak-dziala-izba-przyjec-lekarza-rodzinnego\/","og_site_name":"SHoko huisartsen spoedpost - Polski","article_modified_time":"2025-11-12T15:20:18+00:00","og_image":[{"url":"https:\/\/shoko.nl\/wp-content\/uploads\/sites\/190\/2025\/04\/SHoKo_A3_27072021_final-1030x730-1-1024x726.jpg","type":"","width":"","height":""}],"twitter_card":"summary_large_image","twitter_misc":{"Szacowany czas czytania":"1 minuta"},"schema":{"@context":"https:\/\/schema.org","@graph":[{"@type":"WebPage","@id":"https:\/\/shoko.nl\/pl\/jak-dziala-izba-przyjec-lekarza-rodzinnego\/","url":"https:\/\/shoko.nl\/pl\/jak-dziala-izba-przyjec-lekarza-rodzinnego\/","name":"Jak dzia\u0142a stacja pogotowia ratunkowego lekarza rodzinnego? - SHoko huisartsen spoedpost - Polski","isPartOf":{"@id":"https:\/\/shoko.nl\/pl\/#website"},"primaryImageOfPage":{"@id":"https:\/\/shoko.nl\/pl\/jak-dziala-izba-przyjec-lekarza-rodzinnego\/#primaryimage"},"image":{"@id":"https:\/\/shoko.nl\/pl\/jak-dziala-izba-przyjec-lekarza-rodzinnego\/#primaryimage"},"thumbnailUrl":"https:\/\/shoko.nl\/wp-content\/uploads\/sites\/190\/2025\/04\/SHoKo_A3_27072021_final-1030x730-1-1024x726.jpg","datePublished":"2025-04-18T08:55:56+00:00","dateModified":"2025-11-12T15:20:18+00:00","breadcrumb":{"@id":"https:\/\/shoko.nl\/pl\/jak-dziala-izba-przyjec-lekarza-rodzinnego\/#breadcrumb"},"inLanguage":"pl-PL","potentialAction":[{"@type":"ReadAction","target":["https:\/\/shoko.nl\/pl\/jak-dziala-izba-przyjec-lekarza-rodzinnego\/"]}]},{"@type":"ImageObject","inLanguage":"pl-PL","@id":"https:\/\/shoko.nl\/pl\/jak-dziala-izba-przyjec-lekarza-rodzinnego\/#primaryimage","url":"https:\/\/shoko.nl\/wp-content\/uploads\/sites\/190\/2025\/04\/SHoKo_A3_27072021_final-1030x730-1-1024x726.jpg","contentUrl":"https:\/\/shoko.nl\/wp-content\/uploads\/sites\/190\/2025\/04\/SHoKo_A3_27072021_final-1030x730-1-1024x726.jpg"},{"@type":"BreadcrumbList","@id":"https:\/\/shoko.nl\/pl\/jak-dziala-izba-przyjec-lekarza-rodzinnego\/#breadcrumb","itemListElement":[{"@type":"ListItem","position":1,"name":"Home","item":"https:\/\/shoko.nl\/pl\/"},{"@type":"ListItem","position":2,"name":"Jak dzia\u0142a stacja pogotowia ratunkowego lekarza rodzinnego?"}]},{"@type":"WebSite","@id":"https:\/\/shoko.nl\/pl\/#website","url":"https:\/\/shoko.nl\/pl\/","name":"SHoko huisartsen spoedpost - Polski","description":"","potentialAction":[{"@type":"SearchAction","target":{"@type":"EntryPoint","urlTemplate":"https:\/\/shoko.nl\/pl\/?s={search_term_string}"},"query-input":{"@type":"PropertyValueSpecification","valueRequired":true,"valueName":"search_term_string"}}],"inLanguage":"pl-PL"}]}},"_links":{"self":[{"href":"https:\/\/shoko.nl\/pl\/wp-json\/wp\/v2\/pages\/54118","targetHints":{"allow":["GET"]}}],"collection":[{"href":"https:\/\/shoko.nl\/pl\/wp-json\/wp\/v2\/pages"}],"about":[{"href":"https:\/\/shoko.nl\/pl\/wp-json\/wp\/v2\/types\/page"}],"author":[{"embeddable":true,"href":"https:\/\/shoko.nl\/pl\/wp-json\/wp\/v2\/users\/3"}],"replies":[{"embeddable":true,"href":"https:\/\/shoko.nl\/pl\/wp-json\/wp\/v2\/comments?post=54118"}],"version-history":[{"count":2,"href":"https:\/\/shoko.nl\/pl\/wp-json\/wp\/v2\/pages\/54118\/revisions"}],"predecessor-version":[{"id":54858,"href":"https:\/\/shoko.nl\/pl\/wp-json\/wp\/v2\/pages\/54118\/revisions\/54858"}],"wp:attachment":[{"href":"https:\/\/shoko.nl\/pl\/wp-json\/wp\/v2\/media?parent=54118"}],"curies":[{"name":"wp","href":"https:\/\/api.w.org\/{rel}","templated":true}]}}