{"id":54124,"date":"2025-04-18T10:57:33","date_gmt":"2025-04-18T08:57:33","guid":{"rendered":"https:\/\/shoko.mindd.dev\/?page_id=54124"},"modified":"2025-11-12T16:20:16","modified_gmt":"2025-11-12T15:20:16","slug":"jest-apteka-w-izbie-przyjec-lekarza-rodzinnego","status":"publish","type":"page","link":"https:\/\/shoko.nl\/pl\/jest-apteka-w-izbie-przyjec-lekarza-rodzinnego\/","title":{"rendered":"Czy w punkcie ratunkowym lekarza rodzinnego znajduje si\u0119 apteka?"},"content":{"rendered":"\n<p>Tak, w punkcie ratunkowym lekarza rodzinnego znajduje si\u0119 apteka serwisowa.<\/p>\n\n\n\n<p>Godziny otwarcia apteki de Run (znajduj\u0105cej si\u0119 obok MMC Veldhoven) mo\u017cna znale\u017a\u0107 na stronie:&nbsp;<a href=\"https:\/\/www.mmc.nl\/apotheek\/\" target=\"_blank\" rel=\"noreferrer noopener\">mmc.nl\/apotheek<\/a><\/p>\n\n\n\n<p>Godziny otwarcia Apteki Centralnej w Eindhoven (znajduj\u0105cej si\u0119 obok szpitala Catharina w Eindhoven) mo\u017cna znale\u017a\u0107 pod adresem:<\/p>\n\n\n\n<p><a href=\"https:\/\/www.centraledienstapotheek.nl\/\" target=\"_blank\" rel=\"noreferrer noopener\">centraledienstapotheek.nl<\/a><\/p>\n\n\n\n<p><\/p>\n","protected":false},"excerpt":{"rendered":"<p>Tak, w punkcie ratunkowym lekarza rodzinnego znajduje si\u0119 apteka serwisowa. Godziny otwarcia apteki de Run (znajduj\u0105cej si\u0119 obok MMC Veldhoven) mo\u017cna znale\u017a\u0107 na stronie:&nbsp;mmc.nl\/apotheek Godziny otwarcia Apteki Centralnej w Eindhoven (znajduj\u0105cej si\u0119 obok szpitala Catharina w Eindhoven) mo\u017cna znale\u017a\u0107 pod adresem: centraledienstapotheek.nl<\/p>\n","protected":false},"author":3,"featured_media":0,"parent":0,"menu_order":0,"comment_status":"closed","ping_status":"closed","template":"","meta":{"_acf_changed":false,"_trash_the_other_posts":false,"editor_notices":[],"footnotes":""},"class_list":["post-54124","page","type-page","status-publish","hentry"],"acf":[],"yoast_head":"<!-- This site is optimized with the Yoast SEO plugin v26.6 - https:\/\/yoast.com\/wordpress\/plugins\/seo\/ -->\n<title>Czy w punkcie ratunkowym lekarza rodzinnego znajduje si\u0119 apteka? - SHoko huisartsen spoedpost - Polski<\/title>\n<meta name=\"robots\" content=\"index, follow, max-snippet:-1, max-image-preview:large, max-video-preview:-1\" \/>\n<link rel=\"canonical\" href=\"https:\/\/shoko.nl\/pl\/jest-apteka-w-izbie-przyjec-lekarza-rodzinnego\/\" \/>\n<meta property=\"og:locale\" content=\"pl_PL\" \/>\n<meta property=\"og:type\" content=\"article\" \/>\n<meta property=\"og:title\" content=\"Czy w punkcie ratunkowym lekarza rodzinnego znajduje si\u0119 apteka? - SHoko huisartsen spoedpost - Polski\" \/>\n<meta property=\"og:description\" content=\"Tak, w punkcie ratunkowym lekarza rodzinnego znajduje si\u0119 apteka serwisowa. Godziny otwarcia apteki de Run (znajduj\u0105cej si\u0119 obok MMC Veldhoven) mo\u017cna znale\u017a\u0107 na stronie:&nbsp;mmc.nl\/apotheek Godziny otwarcia Apteki Centralnej w Eindhoven (znajduj\u0105cej si\u0119 obok szpitala Catharina w Eindhoven) mo\u017cna znale\u017a\u0107 pod adresem: centraledienstapotheek.nl\" \/>\n<meta property=\"og:url\" content=\"https:\/\/shoko.nl\/pl\/jest-apteka-w-izbie-przyjec-lekarza-rodzinnego\/\" \/>\n<meta property=\"og:site_name\" content=\"SHoko huisartsen spoedpost - Polski\" \/>\n<meta property=\"article:modified_time\" content=\"2025-11-12T15:20:16+00:00\" \/>\n<meta name=\"twitter:card\" content=\"summary_large_image\" \/>\n<meta name=\"twitter:label1\" content=\"Szacowany czas czytania\" \/>\n\t<meta name=\"twitter:data1\" content=\"1 minuta\" \/>\n<script type=\"application\/ld+json\" class=\"yoast-schema-graph\">{\"@context\":\"https:\/\/schema.org\",\"@graph\":[{\"@type\":\"WebPage\",\"@id\":\"https:\/\/shoko.nl\/pl\/jest-apteka-w-izbie-przyjec-lekarza-rodzinnego\/\",\"url\":\"https:\/\/shoko.nl\/pl\/jest-apteka-w-izbie-przyjec-lekarza-rodzinnego\/\",\"name\":\"Czy w punkcie ratunkowym lekarza rodzinnego znajduje si\u0119 apteka? - SHoko huisartsen spoedpost - Polski\",\"isPartOf\":{\"@id\":\"https:\/\/shoko.nl\/pl\/#website\"},\"datePublished\":\"2025-04-18T08:57:33+00:00\",\"dateModified\":\"2025-11-12T15:20:16+00:00\",\"breadcrumb\":{\"@id\":\"https:\/\/shoko.nl\/pl\/jest-apteka-w-izbie-przyjec-lekarza-rodzinnego\/#breadcrumb\"},\"inLanguage\":\"pl-PL\",\"potentialAction\":[{\"@type\":\"ReadAction\",\"target\":[\"https:\/\/shoko.nl\/pl\/jest-apteka-w-izbie-przyjec-lekarza-rodzinnego\/\"]}]},{\"@type\":\"BreadcrumbList\",\"@id\":\"https:\/\/shoko.nl\/pl\/jest-apteka-w-izbie-przyjec-lekarza-rodzinnego\/#breadcrumb\",\"itemListElement\":[{\"@type\":\"ListItem\",\"position\":1,\"name\":\"Home\",\"item\":\"https:\/\/shoko.nl\/pl\/\"},{\"@type\":\"ListItem\",\"position\":2,\"name\":\"Czy w punkcie ratunkowym lekarza rodzinnego znajduje si\u0119 apteka?\"}]},{\"@type\":\"WebSite\",\"@id\":\"https:\/\/shoko.nl\/pl\/#website\",\"url\":\"https:\/\/shoko.nl\/pl\/\",\"name\":\"SHoko huisartsen spoedpost - Polski\",\"description\":\"\",\"potentialAction\":[{\"@type\":\"SearchAction\",\"target\":{\"@type\":\"EntryPoint\",\"urlTemplate\":\"https:\/\/shoko.nl\/pl\/?s={search_term_string}\"},\"query-input\":{\"@type\":\"PropertyValueSpecification\",\"valueRequired\":true,\"valueName\":\"search_term_string\"}}],\"inLanguage\":\"pl-PL\"}]}<\/script>\n<!-- \/ Yoast SEO plugin. -->","yoast_head_json":{"title":"Czy w punkcie ratunkowym lekarza rodzinnego znajduje si\u0119 apteka? - SHoko huisartsen spoedpost - Polski","robots":{"index":"index","follow":"follow","max-snippet":"max-snippet:-1","max-image-preview":"max-image-preview:large","max-video-preview":"max-video-preview:-1"},"canonical":"https:\/\/shoko.nl\/pl\/jest-apteka-w-izbie-przyjec-lekarza-rodzinnego\/","og_locale":"pl_PL","og_type":"article","og_title":"Czy w punkcie ratunkowym lekarza rodzinnego znajduje si\u0119 apteka? - SHoko huisartsen spoedpost - Polski","og_description":"Tak, w punkcie ratunkowym lekarza rodzinnego znajduje si\u0119 apteka serwisowa. Godziny otwarcia apteki de Run (znajduj\u0105cej si\u0119 obok MMC Veldhoven) mo\u017cna znale\u017a\u0107 na stronie:&nbsp;mmc.nl\/apotheek Godziny otwarcia Apteki Centralnej w Eindhoven (znajduj\u0105cej si\u0119 obok szpitala Catharina w Eindhoven) mo\u017cna znale\u017a\u0107 pod adresem: centraledienstapotheek.nl","og_url":"https:\/\/shoko.nl\/pl\/jest-apteka-w-izbie-przyjec-lekarza-rodzinnego\/","og_site_name":"SHoko huisartsen spoedpost - Polski","article_modified_time":"2025-11-12T15:20:16+00:00","twitter_card":"summary_large_image","twitter_misc":{"Szacowany czas czytania":"1 minuta"},"schema":{"@context":"https:\/\/schema.org","@graph":[{"@type":"WebPage","@id":"https:\/\/shoko.nl\/pl\/jest-apteka-w-izbie-przyjec-lekarza-rodzinnego\/","url":"https:\/\/shoko.nl\/pl\/jest-apteka-w-izbie-przyjec-lekarza-rodzinnego\/","name":"Czy w punkcie ratunkowym lekarza rodzinnego znajduje si\u0119 apteka? - SHoko huisartsen spoedpost - Polski","isPartOf":{"@id":"https:\/\/shoko.nl\/pl\/#website"},"datePublished":"2025-04-18T08:57:33+00:00","dateModified":"2025-11-12T15:20:16+00:00","breadcrumb":{"@id":"https:\/\/shoko.nl\/pl\/jest-apteka-w-izbie-przyjec-lekarza-rodzinnego\/#breadcrumb"},"inLanguage":"pl-PL","potentialAction":[{"@type":"ReadAction","target":["https:\/\/shoko.nl\/pl\/jest-apteka-w-izbie-przyjec-lekarza-rodzinnego\/"]}]},{"@type":"BreadcrumbList","@id":"https:\/\/shoko.nl\/pl\/jest-apteka-w-izbie-przyjec-lekarza-rodzinnego\/#breadcrumb","itemListElement":[{"@type":"ListItem","position":1,"name":"Home","item":"https:\/\/shoko.nl\/pl\/"},{"@type":"ListItem","position":2,"name":"Czy w punkcie ratunkowym lekarza rodzinnego znajduje si\u0119 apteka?"}]},{"@type":"WebSite","@id":"https:\/\/shoko.nl\/pl\/#website","url":"https:\/\/shoko.nl\/pl\/","name":"SHoko huisartsen spoedpost - Polski","description":"","potentialAction":[{"@type":"SearchAction","target":{"@type":"EntryPoint","urlTemplate":"https:\/\/shoko.nl\/pl\/?s={search_term_string}"},"query-input":{"@type":"PropertyValueSpecification","valueRequired":true,"valueName":"search_term_string"}}],"inLanguage":"pl-PL"}]}},"_links":{"self":[{"href":"https:\/\/shoko.nl\/pl\/wp-json\/wp\/v2\/pages\/54124","targetHints":{"allow":["GET"]}}],"collection":[{"href":"https:\/\/shoko.nl\/pl\/wp-json\/wp\/v2\/pages"}],"about":[{"href":"https:\/\/shoko.nl\/pl\/wp-json\/wp\/v2\/types\/page"}],"author":[{"embeddable":true,"href":"https:\/\/shoko.nl\/pl\/wp-json\/wp\/v2\/users\/3"}],"replies":[{"embeddable":true,"href":"https:\/\/shoko.nl\/pl\/wp-json\/wp\/v2\/comments?post=54124"}],"version-history":[{"count":2,"href":"https:\/\/shoko.nl\/pl\/wp-json\/wp\/v2\/pages\/54124\/revisions"}],"predecessor-version":[{"id":54856,"href":"https:\/\/shoko.nl\/pl\/wp-json\/wp\/v2\/pages\/54124\/revisions\/54856"}],"wp:attachment":[{"href":"https:\/\/shoko.nl\/pl\/wp-json\/wp\/v2\/media?parent=54124"}],"curies":[{"name":"wp","href":"https:\/\/api.w.org\/{rel}","templated":true}]}}