{"id":54126,"date":"2025-04-18T11:09:29","date_gmt":"2025-04-18T09:09:29","guid":{"rendered":"https:\/\/shoko.mindd.dev\/?page_id=54126"},"modified":"2025-11-13T13:30:15","modified_gmt":"2025-11-13T12:30:15","slug":"masz-skarge","status":"publish","type":"page","link":"https:\/\/shoko.nl\/pl\/masz-skarge\/","title":{"rendered":"Masz skarg\u0119?"},"content":{"rendered":"\n<p><strong>Skarga<\/strong><br>Skarg\u0119 mo\u017cna z\u0142o\u017cy\u0107, korzystaj\u0105c z cyfrowego formularza skargi.<\/p>\n\n\n<script>\nvar gform;gform||(document.addEventListener(\"gform_main_scripts_loaded\",function(){gform.scriptsLoaded=!0}),document.addEventListener(\"gform\/theme\/scripts_loaded\",function(){gform.themeScriptsLoaded=!0}),window.addEventListener(\"DOMContentLoaded\",function(){gform.domLoaded=!0}),gform={domLoaded:!1,scriptsLoaded:!1,themeScriptsLoaded:!1,isFormEditor:()=>\"function\"==typeof InitializeEditor,callIfLoaded:function(o){return!(!gform.domLoaded||!gform.scriptsLoaded||!gform.themeScriptsLoaded&&!gform.isFormEditor()||(gform.isFormEditor()&&console.warn(\"The use of gform.initializeOnLoaded() is deprecated in the form editor context and will be removed in Gravity Forms 3.1.\"),o(),0))},initializeOnLoaded:function(o){gform.callIfLoaded(o)||(document.addEventListener(\"gform_main_scripts_loaded\",()=>{gform.scriptsLoaded=!0,gform.callIfLoaded(o)}),document.addEventListener(\"gform\/theme\/scripts_loaded\",()=>{gform.themeScriptsLoaded=!0,gform.callIfLoaded(o)}),window.addEventListener(\"DOMContentLoaded\",()=>{gform.domLoaded=!0,gform.callIfLoaded(o)}))},hooks:{action:{},filter:{}},addAction:function(o,r,e,t){gform.addHook(\"action\",o,r,e,t)},addFilter:function(o,r,e,t){gform.addHook(\"filter\",o,r,e,t)},doAction:function(o){gform.doHook(\"action\",o,arguments)},applyFilters:function(o){return gform.doHook(\"filter\",o,arguments)},removeAction:function(o,r){gform.removeHook(\"action\",o,r)},removeFilter:function(o,r,e){gform.removeHook(\"filter\",o,r,e)},addHook:function(o,r,e,t,n){null==gform.hooks[o][r]&&(gform.hooks[o][r]=[]);var d=gform.hooks[o][r];null==n&&(n=r+\"_\"+d.length),gform.hooks[o][r].push({tag:n,callable:e,priority:t=null==t?10:t})},doHook:function(r,o,e){var t;if(e=Array.prototype.slice.call(e,1),null!=gform.hooks[r][o]&&((o=gform.hooks[r][o]).sort(function(o,r){return o.priority-r.priority}),o.forEach(function(o){\"function\"!=typeof(t=o.callable)&&(t=window[t]),\"action\"==r?t.apply(null,e):e[0]=t.apply(null,e)})),\"filter\"==r)return e[0]},removeHook:function(o,r,t,n){var e;null!=gform.hooks[o][r]&&(e=(e=gform.hooks[o][r]).filter(function(o,r,e){return!!(null!=n&&n!=o.tag||null!=t&&t!=o.priority)}),gform.hooks[o][r]=e)}});\n<\/script>\n\n                <div class='gf_browser_gecko gform_wrapper gform_legacy_markup_wrapper gform-theme--no-framework' data-form-theme='legacy' data-form-index='0' id='gform_wrapper_13' >\n                        <div class='gform_heading'>\n                            <p class='gform_description'><\/p>\n                        <\/div><form method='post' enctype='multipart\/form-data'  id='gform_13'  action='\/pl\/wp-json\/wp\/v2\/pages\/54126' data-formid='13' novalidate>\n                        <div class='gform-body gform_body'><ul id='gform_fields_13' class='gform_fields top_label form_sublabel_below description_below validation_below'><li id=\"field_13_1\" class=\"gfield gfield--type-select gfield--input-type-select field_sublabel_below gfield--no-description field_description_below field_validation_below gfield_visibility_visible\"  ><label class='gfield_label gform-field-label' for='input_13_1'>Zwrot grzeczno\u015bciowy<\/label><div class='ginput_container ginput_container_select'><select name='input_1' id='input_13_1' class='large gfield_select'     aria-invalid=\"false\" ><option value='Pan' >Pan<\/option><option value='Pani' >Pani<\/option><\/select><\/div><\/li><li id=\"field_13_12\" class=\"gfield gfield--type-text gfield--input-type-text field_sublabel_below gfield--no-description field_description_below field_validation_below gfield_visibility_visible\"  ><label class='gfield_label gform-field-label' for='input_13_12'>Inicja\u0142y<\/label><div class='ginput_container ginput_container_text'><input name='input_12' id='input_13_12' type='text' value='' class='large'      aria-invalid=\"false\"   \/><\/div><\/li><li id=\"field_13_13\" class=\"gfield gfield--type-text gfield--input-type-text field_sublabel_below gfield--no-description field_description_below field_validation_below gfield_visibility_visible\"  ><label class='gfield_label gform-field-label' for='input_13_13'>Nazwisko<\/label><div class='ginput_container ginput_container_text'><input name='input_13' id='input_13_13' type='text' value='' class='large'      aria-invalid=\"false\"   \/><\/div><\/li><li id=\"field_13_22\" class=\"gfield gfield--type-date gfield--input-type-date gfield--input-type-datefield gfield--width-full field_sublabel_below gfield--no-description field_description_below field_validation_below gfield_visibility_visible\"  ><label class='gfield_label gform-field-label gfield_label_before_complex' >Data urodzenia<\/label><div id='input_13_22' class='ginput_container ginput_complex gform-grid-row'><div class=\"clear-multi\">\n                                        <div class='gfield_date_day ginput_container ginput_container_date gform-grid-col' id='input_13_22_2_container'>\n                                            <input type='number' maxlength='2' name='input_22[]' id='input_13_22_2' value=''   aria-required='false'   placeholder='Dzie\u0144' min='1' max='31' step='1'\/>\n                                            <label for='input_13_22_2' class='gform-field-label gform-field-label--type-sub '>DD<\/label>\n                                        <\/div><div class='gfield_date_month ginput_container ginput_container_date gform-grid-col' id='input_13_22_1_container'>\n                                        <input type='number' maxlength='2' name='input_22[]' id='input_13_22_1' value=''   aria-required='false'   placeholder='Miesi\u0105c' min='1' max='12' step='1'\/>\n                                        <label for='input_13_22_1' class='gform-field-label gform-field-label--type-sub '>MM<\/label>\n                                   <\/div><div class='gfield_date_year ginput_container ginput_container_date gform-grid-col' id='input_13_22_3_container'>\n                                        <input type='number' maxlength='4' name='input_22[]' id='input_13_22_3' value=''   aria-required='false'   placeholder='Rok' min='1920' max='2027' step='1'\/>\n                                        <label for='input_13_22_3' class='gform-field-label gform-field-label--type-sub '>RRRR<\/label>\n                                   <\/div>\n                                <\/div><\/div><\/li><li id=\"field_13_14\" class=\"gfield gfield--type-text gfield--input-type-text field_sublabel_below gfield--no-description field_description_below field_validation_below gfield_visibility_visible\"  ><label class='gfield_label gform-field-label' for='input_13_14'>Ulica<\/label><div class='ginput_container ginput_container_text'><input name='input_14' id='input_13_14' type='text' value='' class='large'      aria-invalid=\"false\"   \/><\/div><\/li><li id=\"field_13_15\" class=\"gfield gfield--type-text gfield--input-type-text field_sublabel_below gfield--no-description field_description_below field_validation_below gfield_visibility_visible\"  ><label class='gfield_label gform-field-label' for='input_13_15'>Numer domu<\/label><div class='ginput_container ginput_container_text'><input name='input_15' id='input_13_15' type='text' value='' class='large'      aria-invalid=\"false\"   \/><\/div><\/li><li id=\"field_13_16\" class=\"gfield gfield--type-text gfield--input-type-text field_sublabel_below gfield--no-description field_description_below field_validation_below gfield_visibility_visible\"  ><label class='gfield_label gform-field-label' for='input_13_16'>Kod pocztowy<\/label><div class='ginput_container ginput_container_text'><input name='input_16' id='input_13_16' type='text' value='' class='large'      aria-invalid=\"false\"   \/><\/div><\/li><li id=\"field_13_17\" class=\"gfield gfield--type-text gfield--input-type-text field_sublabel_below gfield--no-description field_description_below field_validation_below gfield_visibility_visible\"  ><label class='gfield_label gform-field-label' for='input_13_17'>Miejscowo\u015b\u0107<\/label><div class='ginput_container ginput_container_text'><input name='input_17' id='input_13_17' type='text' value='' class='large'      aria-invalid=\"false\"   \/><\/div><\/li><li id=\"field_13_5\" class=\"gfield gfield--type-text gfield--input-type-text field_sublabel_below gfield--no-description field_description_below field_validation_below gfield_visibility_visible\"  ><label class='gfield_label gform-field-label' for='input_13_5'>Numer telefonu<\/label><div class='ginput_container ginput_container_text'><input name='input_5' id='input_13_5' type='text' value='' class='large'      aria-invalid=\"false\"   \/><\/div><\/li><li id=\"field_13_9\" class=\"gfield gfield--type-email gfield--input-type-email gfield_contains_required field_sublabel_below gfield--no-description field_description_below field_validation_below gfield_visibility_visible\"  ><label class='gfield_label gform-field-label' for='input_13_9'>Adres e-mail<span class=\"gfield_required\"><span class=\"gfield_required gfield_required_asterisk\">*<\/span><\/span><\/label><div class='ginput_container ginput_container_email'>\n                            <input name='input_9' id='input_13_9' type='email' value='' class='large'    aria-required=\"true\" aria-invalid=\"false\"  \/>\n                        <\/div><\/li><li id=\"field_13_10\" class=\"gfield gfield--type-text gfield--input-type-text field_sublabel_below gfield--no-description field_description_below field_validation_below gfield_visibility_visible\"  ><label class='gfield_label gform-field-label' for='input_13_10'>Temat<\/label><div class='ginput_container ginput_container_text'><input name='input_10' id='input_13_10' type='text' value='' class='large'      aria-invalid=\"false\"   \/><\/div><\/li><li id=\"field_13_11\" class=\"gfield gfield--type-textarea gfield--input-type-textarea field_sublabel_below gfield--no-description field_description_below field_validation_below gfield_visibility_visible\"  ><label class='gfield_label gform-field-label' for='input_13_11'>Wiadomo\u015b\u0107<\/label><div class='ginput_container ginput_container_textarea'><textarea name='input_11' id='input_13_11' class='textarea medium'      aria-invalid=\"false\"   rows='10' cols='50'><\/textarea><\/div><\/li><li id=\"field_13_19\" class=\"gfield gfield--type-html gfield--input-type-html gfield_html gfield_html_formatted gfield_no_follows_desc field_sublabel_below gfield--no-description field_description_below field_validation_below gfield_visibility_visible\"  ><b>Zgoda<\/b><\/li><li id=\"field_13_21\" class=\"gfield gfield--type-radio gfield--type-choice gfield--input-type-radio gfield_contains_required field_sublabel_below gfield--no-description field_description_below field_validation_below gfield_visibility_visible\"  ><label class='gfield_label gform-field-label' >Aby rozpocz\u0105\u0107 mediacj\u0119 w sprawie Pa\u0144stwa skargi, prosimy o zgod\u0119 na wgl\u0105d do Pa\u0144stwa dokumentacji medycznej. Czy wyra\u017caj\u0105 Pa\u0144stwo zgod\u0119 na wgl\u0105d do dokumentacji medycznej, w tym ewentualne ods\u0142uchanie nagranych rozm\u00f3w z osob\u0105 przeprowadzaj\u0105c\u0105 triage?<span class=\"gfield_required\"><span class=\"gfield_required gfield_required_asterisk\">*<\/span><\/span><\/label><div class='ginput_container ginput_container_radio'><ul class='gfield_radio' id='input_13_21'>\n\t\t\t<li class='gchoice gchoice_13_21_0'>\n\t\t\t\t<input name='input_21' type='radio' value='Tak'  id='choice_13_21_0'    \/>\n\t\t\t\t<label for='choice_13_21_0' id='label_13_21_0' class='gform-field-label gform-field-label--type-inline'>Tak<\/label>\n\t\t\t<\/li>\n\t\t\t<li class='gchoice gchoice_13_21_1'>\n\t\t\t\t<input name='input_21' type='radio' value='Nie'  id='choice_13_21_1'    \/>\n\t\t\t\t<label for='choice_13_21_1' id='label_13_21_1' class='gform-field-label gform-field-label--type-inline'>Nie<\/label>\n\t\t\t<\/li><\/ul><\/div><\/li><li id=\"field_13_18\" class=\"gfield gfield--type-captcha gfield--input-type-captcha field_sublabel_below gfield--no-description field_description_below hidden_label field_validation_below gfield_visibility_visible\"  ><label class='gfield_label gform-field-label' for='input_13_18'>CAPTCHA<\/label><div id='input_13_18' class='ginput_container ginput_recaptcha' data-sitekey='6LeyGn0rAAAAAGcrDdYQt8MIW-vM-GAUFxP-uTFc'  data-theme='light' data-tabindex='0'  data-badge=''><\/div><\/li><\/ul><\/div>\n        <div class='gform-footer gform_footer top_label'> <input type='submit' id='gform_submit_button_13' class='gform_button button' onclick='gform.submission.handleButtonClick(this);' data-submission-type='submit' value='Wy\u015blij'  \/> \n            <input type='hidden' class='gform_hidden' name='gform_submission_method' data-js='gform_submission_method_13' value='postback' \/>\n            <input type='hidden' class='gform_hidden' name='gform_theme' data-js='gform_theme_13' id='gform_theme_13' value='legacy' \/>\n            <input type='hidden' class='gform_hidden' name='gform_style_settings' data-js='gform_style_settings_13' id='gform_style_settings_13' value='{&quot;inputPrimaryColor&quot;:&quot;#204ce5&quot;}' \/>\n            <input type='hidden' class='gform_hidden' name='is_submit_13' value='1' \/>\n            <input type='hidden' class='gform_hidden' name='gform_submit' value='13' \/>\n            \n            <input type='hidden' class='gform_hidden' name='gform_unique_id' value='' \/>\n            <input type='hidden' class='gform_hidden' name='state_13' value='WyJbXSIsImJlYmM0NzQxNGFjMWJhMGI2MzU2OGIyMTgzM2FhOWJkIl0=' \/>\n            <input type='hidden' autocomplete='off' class='gform_hidden' name='gform_target_page_number_13' id='gform_target_page_number_13' value='0' \/>\n            <input type='hidden' autocomplete='off' class='gform_hidden' name='gform_source_page_number_13' id='gform_source_page_number_13' value='1' \/>\n            <input type='hidden' name='gform_field_values' value='' \/>\n            \n        <\/div>\n                        <\/form>\n                        <\/div><script>\ngform.initializeOnLoaded( function() {gformInitSpinner( 13, 'https:\/\/shoko.nl\/pl\/wp-content\/plugins\/gravityforms\/images\/spinner.svg', true );jQuery('#gform_ajax_frame_13').on('load',function(){var contents = jQuery(this).contents().find('*').html();var is_postback = contents.indexOf('GF_AJAX_POSTBACK') >= 0;if(!is_postback){return;}var form_content = jQuery(this).contents().find('#gform_wrapper_13');var is_confirmation = jQuery(this).contents().find('#gform_confirmation_wrapper_13').length > 0;var is_redirect = contents.indexOf('gformRedirect(){') >= 0;var is_form = form_content.length > 0 && ! is_redirect && ! is_confirmation;var mt = parseInt(jQuery('html').css('margin-top'), 10) + parseInt(jQuery('body').css('margin-top'), 10) + 100;if(is_form){jQuery('#gform_wrapper_13').html(form_content.html());if(form_content.hasClass('gform_validation_error')){jQuery('#gform_wrapper_13').addClass('gform_validation_error');} else {jQuery('#gform_wrapper_13').removeClass('gform_validation_error');}setTimeout( function() { \/* delay the scroll by 50 milliseconds to fix a bug in chrome *\/  }, 50 );if(window['gformInitDatepicker']) {gformInitDatepicker();}if(window['gformInitPriceFields']) {gformInitPriceFields();}var current_page = jQuery('#gform_source_page_number_13').val();gformInitSpinner( 13, 'https:\/\/shoko.nl\/pl\/wp-content\/plugins\/gravityforms\/images\/spinner.svg', true );jQuery(document).trigger('gform_page_loaded', [13, current_page]);window['gf_submitting_13'] = false;}else if(!is_redirect){var confirmation_content = jQuery(this).contents().find('.GF_AJAX_POSTBACK').html();if(!confirmation_content){confirmation_content = contents;}jQuery('#gform_wrapper_13').replaceWith(confirmation_content);jQuery(document).trigger('gform_confirmation_loaded', [13]);window['gf_submitting_13'] = false;wp.a11y.speak(jQuery('#gform_confirmation_message_13').text());}else{jQuery('#gform_13').append(contents);if(window['gformRedirect']) {gformRedirect();}}jQuery(document).trigger(\"gform_pre_post_render\", [{ formId: \"13\", currentPage: \"current_page\", abort: function() { this.preventDefault(); } }]);        if (event && event.defaultPrevented) {                return;        }        const gformWrapperDiv = document.getElementById( \"gform_wrapper_13\" );        if ( gformWrapperDiv ) {            const visibilitySpan = document.createElement( \"span\" );            visibilitySpan.id = \"gform_visibility_test_13\";            gformWrapperDiv.insertAdjacentElement( \"afterend\", visibilitySpan );        }        const visibilityTestDiv = document.getElementById( \"gform_visibility_test_13\" );        let postRenderFired = false;        function triggerPostRender() {            if ( postRenderFired ) {                return;            }            postRenderFired = true;            gform.core.triggerPostRenderEvents( 13, current_page );            if ( visibilityTestDiv ) {                visibilityTestDiv.parentNode.removeChild( visibilityTestDiv );            }        }        function debounce( func, wait, immediate ) {            var timeout;            return function() {                var context = this, args = arguments;                var later = function() {                    timeout = null;                    if ( !immediate ) func.apply( context, args );                };                var callNow = immediate && !timeout;                clearTimeout( timeout );                timeout = setTimeout( later, wait );                if ( callNow ) func.apply( context, args );            };        }        const debouncedTriggerPostRender = debounce( function() {            triggerPostRender();        }, 200 );        if ( visibilityTestDiv && visibilityTestDiv.offsetParent === null ) {            const observer = new MutationObserver( ( mutations ) => {                mutations.forEach( ( mutation ) => {                    if ( mutation.type === 'attributes' && visibilityTestDiv.offsetParent !== null ) {                        debouncedTriggerPostRender();                        observer.disconnect();                    }                });            });            observer.observe( document.body, {                attributes: true,                childList: false,                subtree: true,                attributeFilter: [ 'style', 'class' ],            });        } else {            triggerPostRender();        }    } );} );\n<\/script>\n","protected":false},"excerpt":{"rendered":"<p>SkargaSkarg\u0119 mo\u017cna z\u0142o\u017cy\u0107, korzystaj\u0105c z cyfrowego formularza skargi.<\/p>\n","protected":false},"author":3,"featured_media":0,"parent":0,"menu_order":0,"comment_status":"closed","ping_status":"closed","template":"","meta":{"_acf_changed":false,"_trash_the_other_posts":false,"editor_notices":[],"footnotes":""},"class_list":["post-54126","page","type-page","status-publish","hentry"],"acf":[],"yoast_head":"<!-- This site is optimized with the Yoast SEO plugin v26.6 - https:\/\/yoast.com\/wordpress\/plugins\/seo\/ -->\n<title>Masz skarg\u0119? - SHoko huisartsen spoedpost - Polski<\/title>\n<meta name=\"robots\" content=\"index, follow, max-snippet:-1, max-image-preview:large, max-video-preview:-1\" \/>\n<link rel=\"canonical\" href=\"https:\/\/shoko.nl\/pl\/masz-skarge\/\" \/>\n<meta property=\"og:locale\" content=\"pl_PL\" \/>\n<meta property=\"og:type\" content=\"article\" \/>\n<meta property=\"og:title\" content=\"Masz skarg\u0119? - SHoko huisartsen spoedpost - Polski\" \/>\n<meta property=\"og:description\" content=\"SkargaSkarg\u0119 mo\u017cna z\u0142o\u017cy\u0107, korzystaj\u0105c z cyfrowego formularza skargi.\" \/>\n<meta property=\"og:url\" content=\"https:\/\/shoko.nl\/pl\/masz-skarge\/\" \/>\n<meta property=\"og:site_name\" content=\"SHoko huisartsen spoedpost - Polski\" \/>\n<meta property=\"article:modified_time\" content=\"2025-11-13T12:30:15+00:00\" \/>\n<meta name=\"twitter:card\" content=\"summary_large_image\" \/>\n<meta name=\"twitter:label1\" content=\"Szacowany czas czytania\" \/>\n\t<meta name=\"twitter:data1\" content=\"1 minuta\" \/>\n<script type=\"application\/ld+json\" class=\"yoast-schema-graph\">{\"@context\":\"https:\/\/schema.org\",\"@graph\":[{\"@type\":\"WebPage\",\"@id\":\"https:\/\/shoko.nl\/pl\/masz-skarge\/\",\"url\":\"https:\/\/shoko.nl\/pl\/masz-skarge\/\",\"name\":\"Masz skarg\u0119? - SHoko huisartsen spoedpost - Polski\",\"isPartOf\":{\"@id\":\"https:\/\/shoko.nl\/pl\/#website\"},\"datePublished\":\"2025-04-18T09:09:29+00:00\",\"dateModified\":\"2025-11-13T12:30:15+00:00\",\"breadcrumb\":{\"@id\":\"https:\/\/shoko.nl\/pl\/masz-skarge\/#breadcrumb\"},\"inLanguage\":\"pl-PL\",\"potentialAction\":[{\"@type\":\"ReadAction\",\"target\":[\"https:\/\/shoko.nl\/pl\/masz-skarge\/\"]}]},{\"@type\":\"BreadcrumbList\",\"@id\":\"https:\/\/shoko.nl\/pl\/masz-skarge\/#breadcrumb\",\"itemListElement\":[{\"@type\":\"ListItem\",\"position\":1,\"name\":\"Home\",\"item\":\"https:\/\/shoko.nl\/pl\/\"},{\"@type\":\"ListItem\",\"position\":2,\"name\":\"Masz skarg\u0119?\"}]},{\"@type\":\"WebSite\",\"@id\":\"https:\/\/shoko.nl\/pl\/#website\",\"url\":\"https:\/\/shoko.nl\/pl\/\",\"name\":\"SHoko huisartsen spoedpost - Polski\",\"description\":\"\",\"potentialAction\":[{\"@type\":\"SearchAction\",\"target\":{\"@type\":\"EntryPoint\",\"urlTemplate\":\"https:\/\/shoko.nl\/pl\/?s={search_term_string}\"},\"query-input\":{\"@type\":\"PropertyValueSpecification\",\"valueRequired\":true,\"valueName\":\"search_term_string\"}}],\"inLanguage\":\"pl-PL\"}]}<\/script>\n<!-- \/ Yoast SEO plugin. -->","yoast_head_json":{"title":"Masz skarg\u0119? - SHoko huisartsen spoedpost - Polski","robots":{"index":"index","follow":"follow","max-snippet":"max-snippet:-1","max-image-preview":"max-image-preview:large","max-video-preview":"max-video-preview:-1"},"canonical":"https:\/\/shoko.nl\/pl\/masz-skarge\/","og_locale":"pl_PL","og_type":"article","og_title":"Masz skarg\u0119? - SHoko huisartsen spoedpost - Polski","og_description":"SkargaSkarg\u0119 mo\u017cna z\u0142o\u017cy\u0107, korzystaj\u0105c z cyfrowego formularza skargi.","og_url":"https:\/\/shoko.nl\/pl\/masz-skarge\/","og_site_name":"SHoko huisartsen spoedpost - Polski","article_modified_time":"2025-11-13T12:30:15+00:00","twitter_card":"summary_large_image","twitter_misc":{"Szacowany czas czytania":"1 minuta"},"schema":{"@context":"https:\/\/schema.org","@graph":[{"@type":"WebPage","@id":"https:\/\/shoko.nl\/pl\/masz-skarge\/","url":"https:\/\/shoko.nl\/pl\/masz-skarge\/","name":"Masz skarg\u0119? - SHoko huisartsen spoedpost - Polski","isPartOf":{"@id":"https:\/\/shoko.nl\/pl\/#website"},"datePublished":"2025-04-18T09:09:29+00:00","dateModified":"2025-11-13T12:30:15+00:00","breadcrumb":{"@id":"https:\/\/shoko.nl\/pl\/masz-skarge\/#breadcrumb"},"inLanguage":"pl-PL","potentialAction":[{"@type":"ReadAction","target":["https:\/\/shoko.nl\/pl\/masz-skarge\/"]}]},{"@type":"BreadcrumbList","@id":"https:\/\/shoko.nl\/pl\/masz-skarge\/#breadcrumb","itemListElement":[{"@type":"ListItem","position":1,"name":"Home","item":"https:\/\/shoko.nl\/pl\/"},{"@type":"ListItem","position":2,"name":"Masz skarg\u0119?"}]},{"@type":"WebSite","@id":"https:\/\/shoko.nl\/pl\/#website","url":"https:\/\/shoko.nl\/pl\/","name":"SHoko huisartsen spoedpost - Polski","description":"","potentialAction":[{"@type":"SearchAction","target":{"@type":"EntryPoint","urlTemplate":"https:\/\/shoko.nl\/pl\/?s={search_term_string}"},"query-input":{"@type":"PropertyValueSpecification","valueRequired":true,"valueName":"search_term_string"}}],"inLanguage":"pl-PL"}]}},"_links":{"self":[{"href":"https:\/\/shoko.nl\/pl\/wp-json\/wp\/v2\/pages\/54126","targetHints":{"allow":["GET"]}}],"collection":[{"href":"https:\/\/shoko.nl\/pl\/wp-json\/wp\/v2\/pages"}],"about":[{"href":"https:\/\/shoko.nl\/pl\/wp-json\/wp\/v2\/types\/page"}],"author":[{"embeddable":true,"href":"https:\/\/shoko.nl\/pl\/wp-json\/wp\/v2\/users\/3"}],"replies":[{"embeddable":true,"href":"https:\/\/shoko.nl\/pl\/wp-json\/wp\/v2\/comments?post=54126"}],"version-history":[{"count":4,"href":"https:\/\/shoko.nl\/pl\/wp-json\/wp\/v2\/pages\/54126\/revisions"}],"predecessor-version":[{"id":54865,"href":"https:\/\/shoko.nl\/pl\/wp-json\/wp\/v2\/pages\/54126\/revisions\/54865"}],"wp:attachment":[{"href":"https:\/\/shoko.nl\/pl\/wp-json\/wp\/v2\/media?parent=54126"}],"curies":[{"name":"wp","href":"https:\/\/api.w.org\/{rel}","templated":true}]}}