{"id":54128,"date":"2025-04-18T11:10:41","date_gmt":"2025-04-18T09:10:41","guid":{"rendered":"https:\/\/shoko.mindd.dev\/?page_id=54128"},"modified":"2025-11-12T16:20:15","modified_gmt":"2025-11-12T15:20:15","slug":"badanie-satysfakcji-pacjenta-shoko","status":"publish","type":"page","link":"https:\/\/shoko.nl\/pl\/badanie-satysfakcji-pacjenta-shoko\/","title":{"rendered":"Badanie satysfakcji pacjent\u00f3w SHoKo"},"content":{"rendered":"\n<figure class=\"wp-block-image size-full\"><img decoding=\"async\" width=\"599\" height=\"327\" src=\"https:\/\/shoko.nl\/wp-content\/uploads\/sites\/190\/2025\/04\/Patienttevredenheidsonderzoek-ShoKo.jpg\" alt=\"\" class=\"wp-image-54129\" srcset=\"https:\/\/shoko.nl\/pl\/wp-content\/uploads\/sites\/229\/2025\/04\/Patienttevredenheidsonderzoek-ShoKo.jpg 599w, https:\/\/shoko.nl\/pl\/wp-content\/uploads\/sites\/229\/2025\/04\/Patienttevredenheidsonderzoek-ShoKo-300x164.jpg 300w, https:\/\/shoko.nl\/pl\/wp-content\/uploads\/sites\/229\/2025\/04\/Patienttevredenheidsonderzoek-ShoKo-460x250.jpg 460w\" sizes=\"(max-width: 599px) 100vw, 599px\" \/><\/figure>\n\n\n\n<p>Opinie pacjent\u00f3w s\u0105 wa\u017cne, poniewa\u017c dostarczaj\u0105 nam informacji o tym, co idzie dobrze, a co mo\u017cemy poprawi\u0107.&nbsp;<\/p>\n\n\n\n<p><strong>Odwiedza\u0107<br><\/strong>Podziel si\u0119 swoimi do\u015bwiadczeniami na temat WIZYTY, kt\u00f3r\u0105 z\u0142o\u017cy\u0142e\u015b w SHoKo, lub na temat wizyty domowej, kt\u00f3r\u0105 odby\u0142e\u015b w SHoKo za po\u015brednictwem&nbsp;<a href=\"https:\/\/npaweb.nl\/Main.action?form=3487&amp;prv=4&amp;fnc=321&amp;link_toegangurl=e3ab00fa-b2fb-4162-8e2d-82cf867b0129\" target=\"_blank\" rel=\"noreferrer noopener\">tego linku<\/a>.<\/p>\n\n\n\n<p><strong>Rozmowa telefoniczna<br><\/strong>Podziel si\u0119 z nami swoimi do\u015bwiadczeniami na temat ROZMOWY TELEFONICZNEJ, kt\u00f3r\u0105 odby\u0142e\u015b z pracownikiem SHoKo za po\u015brednictwem&nbsp;<a href=\"https:\/\/npaweb.nl\/Main.action?form=3487&amp;prv=4&amp;fnc=321&amp;link_toegangurl=8325871f-aa7d-41a8-ab21-d886981e9724\" target=\"_blank\" rel=\"noreferrer noopener\">tego linku<\/a>.<\/p>\n\n\n\n<p>Wype\u0142nienie kwestionariusza zajmuje 5-10 minut. Z g\u00f3ry dzi\u0119kujemy! Twoja opinia jest dla nas cenna!<\/p>\n","protected":false},"excerpt":{"rendered":"<p>Opinie pacjent\u00f3w s\u0105 wa\u017cne, poniewa\u017c dostarczaj\u0105 nam informacji o tym, co idzie dobrze, a co mo\u017cemy poprawi\u0107.&nbsp; Odwiedza\u0107Podziel si\u0119 swoimi do\u015bwiadczeniami na temat WIZYTY, kt\u00f3r\u0105 z\u0142o\u017cy\u0142e\u015b w SHoKo, lub na temat wizyty domowej, kt\u00f3r\u0105 odby\u0142e\u015b w SHoKo za po\u015brednictwem&nbsp;tego linku. Rozmowa telefonicznaPodziel si\u0119 z nami swoimi do\u015bwiadczeniami na temat ROZMOWY TELEFONICZNEJ, kt\u00f3r\u0105 odby\u0142e\u015b z pracownikiem [&hellip;]<\/p>\n","protected":false},"author":3,"featured_media":0,"parent":0,"menu_order":0,"comment_status":"closed","ping_status":"closed","template":"","meta":{"_acf_changed":false,"_trash_the_other_posts":false,"editor_notices":[],"footnotes":""},"class_list":["post-54128","page","type-page","status-publish","hentry"],"acf":[],"yoast_head":"<!-- This site is optimized with the Yoast SEO plugin v26.6 - https:\/\/yoast.com\/wordpress\/plugins\/seo\/ -->\n<title>Badanie satysfakcji pacjent\u00f3w SHoKo - SHoko huisartsen spoedpost - Polski<\/title>\n<meta name=\"robots\" content=\"index, follow, max-snippet:-1, max-image-preview:large, max-video-preview:-1\" \/>\n<link rel=\"canonical\" href=\"https:\/\/shoko.nl\/pl\/badanie-satysfakcji-pacjenta-shoko\/\" \/>\n<meta property=\"og:locale\" content=\"pl_PL\" \/>\n<meta property=\"og:type\" content=\"article\" \/>\n<meta property=\"og:title\" content=\"Badanie satysfakcji pacjent\u00f3w SHoKo - SHoko huisartsen spoedpost - Polski\" \/>\n<meta property=\"og:description\" content=\"Opinie pacjent\u00f3w s\u0105 wa\u017cne, poniewa\u017c dostarczaj\u0105 nam informacji o tym, co idzie dobrze, a co mo\u017cemy poprawi\u0107.&nbsp; Odwiedza\u0107Podziel si\u0119 swoimi do\u015bwiadczeniami na temat WIZYTY, kt\u00f3r\u0105 z\u0142o\u017cy\u0142e\u015b w SHoKo, lub na temat wizyty domowej, kt\u00f3r\u0105 odby\u0142e\u015b w SHoKo za po\u015brednictwem&nbsp;tego linku. Rozmowa telefonicznaPodziel si\u0119 z nami swoimi do\u015bwiadczeniami na temat ROZMOWY TELEFONICZNEJ, kt\u00f3r\u0105 odby\u0142e\u015b z pracownikiem [&hellip;]\" \/>\n<meta property=\"og:url\" content=\"https:\/\/shoko.nl\/pl\/badanie-satysfakcji-pacjenta-shoko\/\" \/>\n<meta property=\"og:site_name\" content=\"SHoko huisartsen spoedpost - Polski\" \/>\n<meta property=\"article:modified_time\" content=\"2025-11-12T15:20:15+00:00\" \/>\n<meta property=\"og:image\" content=\"https:\/\/shoko.nl\/wp-content\/uploads\/sites\/190\/2025\/04\/Patienttevredenheidsonderzoek-ShoKo.jpg\" \/>\n<meta name=\"twitter:card\" content=\"summary_large_image\" \/>\n<meta name=\"twitter:label1\" content=\"Szacowany czas czytania\" \/>\n\t<meta name=\"twitter:data1\" content=\"1 minuta\" \/>\n<script type=\"application\/ld+json\" class=\"yoast-schema-graph\">{\"@context\":\"https:\/\/schema.org\",\"@graph\":[{\"@type\":\"WebPage\",\"@id\":\"https:\/\/shoko.nl\/pl\/badanie-satysfakcji-pacjenta-shoko\/\",\"url\":\"https:\/\/shoko.nl\/pl\/badanie-satysfakcji-pacjenta-shoko\/\",\"name\":\"Badanie satysfakcji pacjent\u00f3w SHoKo - SHoko huisartsen spoedpost - Polski\",\"isPartOf\":{\"@id\":\"https:\/\/shoko.nl\/pl\/#website\"},\"primaryImageOfPage\":{\"@id\":\"https:\/\/shoko.nl\/pl\/badanie-satysfakcji-pacjenta-shoko\/#primaryimage\"},\"image\":{\"@id\":\"https:\/\/shoko.nl\/pl\/badanie-satysfakcji-pacjenta-shoko\/#primaryimage\"},\"thumbnailUrl\":\"https:\/\/shoko.nl\/wp-content\/uploads\/sites\/190\/2025\/04\/Patienttevredenheidsonderzoek-ShoKo.jpg\",\"datePublished\":\"2025-04-18T09:10:41+00:00\",\"dateModified\":\"2025-11-12T15:20:15+00:00\",\"breadcrumb\":{\"@id\":\"https:\/\/shoko.nl\/pl\/badanie-satysfakcji-pacjenta-shoko\/#breadcrumb\"},\"inLanguage\":\"pl-PL\",\"potentialAction\":[{\"@type\":\"ReadAction\",\"target\":[\"https:\/\/shoko.nl\/pl\/badanie-satysfakcji-pacjenta-shoko\/\"]}]},{\"@type\":\"ImageObject\",\"inLanguage\":\"pl-PL\",\"@id\":\"https:\/\/shoko.nl\/pl\/badanie-satysfakcji-pacjenta-shoko\/#primaryimage\",\"url\":\"https:\/\/shoko.nl\/wp-content\/uploads\/sites\/190\/2025\/04\/Patienttevredenheidsonderzoek-ShoKo.jpg\",\"contentUrl\":\"https:\/\/shoko.nl\/wp-content\/uploads\/sites\/190\/2025\/04\/Patienttevredenheidsonderzoek-ShoKo.jpg\"},{\"@type\":\"BreadcrumbList\",\"@id\":\"https:\/\/shoko.nl\/pl\/badanie-satysfakcji-pacjenta-shoko\/#breadcrumb\",\"itemListElement\":[{\"@type\":\"ListItem\",\"position\":1,\"name\":\"Home\",\"item\":\"https:\/\/shoko.nl\/pl\/\"},{\"@type\":\"ListItem\",\"position\":2,\"name\":\"Badanie satysfakcji pacjent\u00f3w SHoKo\"}]},{\"@type\":\"WebSite\",\"@id\":\"https:\/\/shoko.nl\/pl\/#website\",\"url\":\"https:\/\/shoko.nl\/pl\/\",\"name\":\"SHoko huisartsen spoedpost - Polski\",\"description\":\"\",\"potentialAction\":[{\"@type\":\"SearchAction\",\"target\":{\"@type\":\"EntryPoint\",\"urlTemplate\":\"https:\/\/shoko.nl\/pl\/?s={search_term_string}\"},\"query-input\":{\"@type\":\"PropertyValueSpecification\",\"valueRequired\":true,\"valueName\":\"search_term_string\"}}],\"inLanguage\":\"pl-PL\"}]}<\/script>\n<!-- \/ Yoast SEO plugin. -->","yoast_head_json":{"title":"Badanie satysfakcji pacjent\u00f3w SHoKo - SHoko huisartsen spoedpost - Polski","robots":{"index":"index","follow":"follow","max-snippet":"max-snippet:-1","max-image-preview":"max-image-preview:large","max-video-preview":"max-video-preview:-1"},"canonical":"https:\/\/shoko.nl\/pl\/badanie-satysfakcji-pacjenta-shoko\/","og_locale":"pl_PL","og_type":"article","og_title":"Badanie satysfakcji pacjent\u00f3w SHoKo - SHoko huisartsen spoedpost - Polski","og_description":"Opinie pacjent\u00f3w s\u0105 wa\u017cne, poniewa\u017c dostarczaj\u0105 nam informacji o tym, co idzie dobrze, a co mo\u017cemy poprawi\u0107.&nbsp; Odwiedza\u0107Podziel si\u0119 swoimi do\u015bwiadczeniami na temat WIZYTY, kt\u00f3r\u0105 z\u0142o\u017cy\u0142e\u015b w SHoKo, lub na temat wizyty domowej, kt\u00f3r\u0105 odby\u0142e\u015b w SHoKo za po\u015brednictwem&nbsp;tego linku. Rozmowa telefonicznaPodziel si\u0119 z nami swoimi do\u015bwiadczeniami na temat ROZMOWY TELEFONICZNEJ, kt\u00f3r\u0105 odby\u0142e\u015b z pracownikiem [&hellip;]","og_url":"https:\/\/shoko.nl\/pl\/badanie-satysfakcji-pacjenta-shoko\/","og_site_name":"SHoko huisartsen spoedpost - Polski","article_modified_time":"2025-11-12T15:20:15+00:00","og_image":[{"url":"https:\/\/shoko.nl\/wp-content\/uploads\/sites\/190\/2025\/04\/Patienttevredenheidsonderzoek-ShoKo.jpg","type":"","width":"","height":""}],"twitter_card":"summary_large_image","twitter_misc":{"Szacowany czas czytania":"1 minuta"},"schema":{"@context":"https:\/\/schema.org","@graph":[{"@type":"WebPage","@id":"https:\/\/shoko.nl\/pl\/badanie-satysfakcji-pacjenta-shoko\/","url":"https:\/\/shoko.nl\/pl\/badanie-satysfakcji-pacjenta-shoko\/","name":"Badanie satysfakcji pacjent\u00f3w SHoKo - SHoko huisartsen spoedpost - Polski","isPartOf":{"@id":"https:\/\/shoko.nl\/pl\/#website"},"primaryImageOfPage":{"@id":"https:\/\/shoko.nl\/pl\/badanie-satysfakcji-pacjenta-shoko\/#primaryimage"},"image":{"@id":"https:\/\/shoko.nl\/pl\/badanie-satysfakcji-pacjenta-shoko\/#primaryimage"},"thumbnailUrl":"https:\/\/shoko.nl\/wp-content\/uploads\/sites\/190\/2025\/04\/Patienttevredenheidsonderzoek-ShoKo.jpg","datePublished":"2025-04-18T09:10:41+00:00","dateModified":"2025-11-12T15:20:15+00:00","breadcrumb":{"@id":"https:\/\/shoko.nl\/pl\/badanie-satysfakcji-pacjenta-shoko\/#breadcrumb"},"inLanguage":"pl-PL","potentialAction":[{"@type":"ReadAction","target":["https:\/\/shoko.nl\/pl\/badanie-satysfakcji-pacjenta-shoko\/"]}]},{"@type":"ImageObject","inLanguage":"pl-PL","@id":"https:\/\/shoko.nl\/pl\/badanie-satysfakcji-pacjenta-shoko\/#primaryimage","url":"https:\/\/shoko.nl\/wp-content\/uploads\/sites\/190\/2025\/04\/Patienttevredenheidsonderzoek-ShoKo.jpg","contentUrl":"https:\/\/shoko.nl\/wp-content\/uploads\/sites\/190\/2025\/04\/Patienttevredenheidsonderzoek-ShoKo.jpg"},{"@type":"BreadcrumbList","@id":"https:\/\/shoko.nl\/pl\/badanie-satysfakcji-pacjenta-shoko\/#breadcrumb","itemListElement":[{"@type":"ListItem","position":1,"name":"Home","item":"https:\/\/shoko.nl\/pl\/"},{"@type":"ListItem","position":2,"name":"Badanie satysfakcji pacjent\u00f3w SHoKo"}]},{"@type":"WebSite","@id":"https:\/\/shoko.nl\/pl\/#website","url":"https:\/\/shoko.nl\/pl\/","name":"SHoko huisartsen spoedpost - Polski","description":"","potentialAction":[{"@type":"SearchAction","target":{"@type":"EntryPoint","urlTemplate":"https:\/\/shoko.nl\/pl\/?s={search_term_string}"},"query-input":{"@type":"PropertyValueSpecification","valueRequired":true,"valueName":"search_term_string"}}],"inLanguage":"pl-PL"}]}},"_links":{"self":[{"href":"https:\/\/shoko.nl\/pl\/wp-json\/wp\/v2\/pages\/54128","targetHints":{"allow":["GET"]}}],"collection":[{"href":"https:\/\/shoko.nl\/pl\/wp-json\/wp\/v2\/pages"}],"about":[{"href":"https:\/\/shoko.nl\/pl\/wp-json\/wp\/v2\/types\/page"}],"author":[{"embeddable":true,"href":"https:\/\/shoko.nl\/pl\/wp-json\/wp\/v2\/users\/3"}],"replies":[{"embeddable":true,"href":"https:\/\/shoko.nl\/pl\/wp-json\/wp\/v2\/comments?post=54128"}],"version-history":[{"count":2,"href":"https:\/\/shoko.nl\/pl\/wp-json\/wp\/v2\/pages\/54128\/revisions"}],"predecessor-version":[{"id":54854,"href":"https:\/\/shoko.nl\/pl\/wp-json\/wp\/v2\/pages\/54128\/revisions\/54854"}],"wp:attachment":[{"href":"https:\/\/shoko.nl\/pl\/wp-json\/wp\/v2\/media?parent=54128"}],"curies":[{"name":"wp","href":"https:\/\/api.w.org\/{rel}","templated":true}]}}