{"id":54131,"date":"2025-04-18T11:12:57","date_gmt":"2025-04-18T09:12:57","guid":{"rendered":"https:\/\/shoko.mindd.dev\/?page_id=54131"},"modified":"2025-11-12T16:20:14","modified_gmt":"2025-11-12T15:20:14","slug":"kiedy-zadzwonic-na-pogotowie-lekarskie","status":"publish","type":"page","link":"https:\/\/shoko.nl\/pl\/kiedy-zadzwonic-na-pogotowie-lekarskie\/","title":{"rendered":"Kiedy nale\u017cy zadzwoni\u0107 do pogotowia lekarskiego?"},"content":{"rendered":"\n<p><strong>Do pogotowia lekarskiego dzwonisz wieczorami, nocami, w weekendy i w \u015bwi\u0119ta, je\u015bli potrzebujesz pilnej pomocy medycznej. Jest wi\u0119c pilna potrzeba. A jednak lekarze rodzinni otrzymuj\u0105 izby przyj\u0119\u0107 i telefony, kt\u00f3re tak naprawd\u0119 nie powinny tu by\u0107. Rezultatem s\u0105 przepe\u0142nione linie telefoniczne, d\u0142ugi czas oczekiwania i ryzyko, \u017ce prawdziwe sytuacje kryzysowe nie otrzymaj\u0105 natychmiast potrzebnej pomocy.<\/strong><\/p>\n\n\n\n<p>Strona internetowa&nbsp;<a href=\"https:\/\/wanneerbelikdehuisartsenspoedpost.nl\/\" target=\"_blank\" rel=\"noreferrer noopener\">www.wanneerbelikdehuisartsenspoedpost.nl<\/a>&nbsp;ma na celu zwi\u0119kszenie \u015bwiadomo\u015bci na temat tego, kiedy dzwonisz do stacji alarmowej lekarza rodzinnego.<\/p>\n\n\n\n<p>Je\u015bli nie masz pewno\u015bci, czy zaistnia\u0142a sytuacja awaryjna, warto najpierw sprawdzi\u0107&nbsp;<a href=\"https:\/\/www.moetiknaardedokter.nl\/\" target=\"_blank\" rel=\"noreferrer noopener\">www.moetiknaardedokter.nl<\/a>&nbsp;lub&nbsp;<a href=\"https:\/\/www.thuisarts.nl\/\" target=\"_blank\" rel=\"noreferrer noopener\">www.thuisarts.nl<\/a>. Strony te dostarczaj\u0105 wiarygodnych informacji na temat dolegliwo\u015bci zdrowotnych i chor\u00f3b.<\/p>\n\n\n\n<p><\/p>\n","protected":false},"excerpt":{"rendered":"<p>Do pogotowia lekarskiego dzwonisz wieczorami, nocami, w weekendy i w \u015bwi\u0119ta, je\u015bli potrzebujesz pilnej pomocy medycznej. Jest wi\u0119c pilna potrzeba. A jednak lekarze rodzinni otrzymuj\u0105 izby przyj\u0119\u0107 i telefony, kt\u00f3re tak naprawd\u0119 nie powinny tu by\u0107. Rezultatem s\u0105 przepe\u0142nione linie telefoniczne, d\u0142ugi czas oczekiwania i ryzyko, \u017ce prawdziwe sytuacje kryzysowe nie otrzymaj\u0105 natychmiast potrzebnej pomocy. [&hellip;]<\/p>\n","protected":false},"author":3,"featured_media":0,"parent":0,"menu_order":0,"comment_status":"closed","ping_status":"closed","template":"","meta":{"_acf_changed":false,"_trash_the_other_posts":false,"editor_notices":[],"footnotes":""},"class_list":["post-54131","page","type-page","status-publish","hentry"],"acf":[],"yoast_head":"<!-- This site is optimized with the Yoast SEO plugin v26.6 - https:\/\/yoast.com\/wordpress\/plugins\/seo\/ -->\n<title>Kiedy nale\u017cy zadzwoni\u0107 do pogotowia lekarskiego? - SHoko huisartsen spoedpost - Polski<\/title>\n<meta name=\"robots\" content=\"index, follow, max-snippet:-1, max-image-preview:large, max-video-preview:-1\" \/>\n<link rel=\"canonical\" href=\"https:\/\/shoko.nl\/pl\/kiedy-zadzwonic-na-pogotowie-lekarskie\/\" \/>\n<meta property=\"og:locale\" content=\"pl_PL\" \/>\n<meta property=\"og:type\" content=\"article\" \/>\n<meta property=\"og:title\" content=\"Kiedy nale\u017cy zadzwoni\u0107 do pogotowia lekarskiego? - SHoko huisartsen spoedpost - Polski\" \/>\n<meta property=\"og:description\" content=\"Do pogotowia lekarskiego dzwonisz wieczorami, nocami, w weekendy i w \u015bwi\u0119ta, je\u015bli potrzebujesz pilnej pomocy medycznej. Jest wi\u0119c pilna potrzeba. A jednak lekarze rodzinni otrzymuj\u0105 izby przyj\u0119\u0107 i telefony, kt\u00f3re tak naprawd\u0119 nie powinny tu by\u0107. Rezultatem s\u0105 przepe\u0142nione linie telefoniczne, d\u0142ugi czas oczekiwania i ryzyko, \u017ce prawdziwe sytuacje kryzysowe nie otrzymaj\u0105 natychmiast potrzebnej pomocy. [&hellip;]\" \/>\n<meta property=\"og:url\" content=\"https:\/\/shoko.nl\/pl\/kiedy-zadzwonic-na-pogotowie-lekarskie\/\" \/>\n<meta property=\"og:site_name\" content=\"SHoko huisartsen spoedpost - Polski\" \/>\n<meta property=\"article:modified_time\" content=\"2025-11-12T15:20:14+00:00\" \/>\n<meta name=\"twitter:card\" content=\"summary_large_image\" \/>\n<meta name=\"twitter:label1\" content=\"Szacowany czas czytania\" \/>\n\t<meta name=\"twitter:data1\" content=\"1 minuta\" \/>\n<script type=\"application\/ld+json\" class=\"yoast-schema-graph\">{\"@context\":\"https:\/\/schema.org\",\"@graph\":[{\"@type\":\"WebPage\",\"@id\":\"https:\/\/shoko.nl\/pl\/kiedy-zadzwonic-na-pogotowie-lekarskie\/\",\"url\":\"https:\/\/shoko.nl\/pl\/kiedy-zadzwonic-na-pogotowie-lekarskie\/\",\"name\":\"Kiedy nale\u017cy zadzwoni\u0107 do pogotowia lekarskiego? - SHoko huisartsen spoedpost - Polski\",\"isPartOf\":{\"@id\":\"https:\/\/shoko.nl\/pl\/#website\"},\"datePublished\":\"2025-04-18T09:12:57+00:00\",\"dateModified\":\"2025-11-12T15:20:14+00:00\",\"breadcrumb\":{\"@id\":\"https:\/\/shoko.nl\/pl\/kiedy-zadzwonic-na-pogotowie-lekarskie\/#breadcrumb\"},\"inLanguage\":\"pl-PL\",\"potentialAction\":[{\"@type\":\"ReadAction\",\"target\":[\"https:\/\/shoko.nl\/pl\/kiedy-zadzwonic-na-pogotowie-lekarskie\/\"]}]},{\"@type\":\"BreadcrumbList\",\"@id\":\"https:\/\/shoko.nl\/pl\/kiedy-zadzwonic-na-pogotowie-lekarskie\/#breadcrumb\",\"itemListElement\":[{\"@type\":\"ListItem\",\"position\":1,\"name\":\"Home\",\"item\":\"https:\/\/shoko.nl\/pl\/\"},{\"@type\":\"ListItem\",\"position\":2,\"name\":\"Kiedy nale\u017cy zadzwoni\u0107 do pogotowia lekarskiego?\"}]},{\"@type\":\"WebSite\",\"@id\":\"https:\/\/shoko.nl\/pl\/#website\",\"url\":\"https:\/\/shoko.nl\/pl\/\",\"name\":\"SHoko huisartsen spoedpost - Polski\",\"description\":\"\",\"potentialAction\":[{\"@type\":\"SearchAction\",\"target\":{\"@type\":\"EntryPoint\",\"urlTemplate\":\"https:\/\/shoko.nl\/pl\/?s={search_term_string}\"},\"query-input\":{\"@type\":\"PropertyValueSpecification\",\"valueRequired\":true,\"valueName\":\"search_term_string\"}}],\"inLanguage\":\"pl-PL\"}]}<\/script>\n<!-- \/ Yoast SEO plugin. -->","yoast_head_json":{"title":"Kiedy nale\u017cy zadzwoni\u0107 do pogotowia lekarskiego? - SHoko huisartsen spoedpost - Polski","robots":{"index":"index","follow":"follow","max-snippet":"max-snippet:-1","max-image-preview":"max-image-preview:large","max-video-preview":"max-video-preview:-1"},"canonical":"https:\/\/shoko.nl\/pl\/kiedy-zadzwonic-na-pogotowie-lekarskie\/","og_locale":"pl_PL","og_type":"article","og_title":"Kiedy nale\u017cy zadzwoni\u0107 do pogotowia lekarskiego? - SHoko huisartsen spoedpost - Polski","og_description":"Do pogotowia lekarskiego dzwonisz wieczorami, nocami, w weekendy i w \u015bwi\u0119ta, je\u015bli potrzebujesz pilnej pomocy medycznej. Jest wi\u0119c pilna potrzeba. A jednak lekarze rodzinni otrzymuj\u0105 izby przyj\u0119\u0107 i telefony, kt\u00f3re tak naprawd\u0119 nie powinny tu by\u0107. Rezultatem s\u0105 przepe\u0142nione linie telefoniczne, d\u0142ugi czas oczekiwania i ryzyko, \u017ce prawdziwe sytuacje kryzysowe nie otrzymaj\u0105 natychmiast potrzebnej pomocy. [&hellip;]","og_url":"https:\/\/shoko.nl\/pl\/kiedy-zadzwonic-na-pogotowie-lekarskie\/","og_site_name":"SHoko huisartsen spoedpost - Polski","article_modified_time":"2025-11-12T15:20:14+00:00","twitter_card":"summary_large_image","twitter_misc":{"Szacowany czas czytania":"1 minuta"},"schema":{"@context":"https:\/\/schema.org","@graph":[{"@type":"WebPage","@id":"https:\/\/shoko.nl\/pl\/kiedy-zadzwonic-na-pogotowie-lekarskie\/","url":"https:\/\/shoko.nl\/pl\/kiedy-zadzwonic-na-pogotowie-lekarskie\/","name":"Kiedy nale\u017cy zadzwoni\u0107 do pogotowia lekarskiego? - SHoko huisartsen spoedpost - Polski","isPartOf":{"@id":"https:\/\/shoko.nl\/pl\/#website"},"datePublished":"2025-04-18T09:12:57+00:00","dateModified":"2025-11-12T15:20:14+00:00","breadcrumb":{"@id":"https:\/\/shoko.nl\/pl\/kiedy-zadzwonic-na-pogotowie-lekarskie\/#breadcrumb"},"inLanguage":"pl-PL","potentialAction":[{"@type":"ReadAction","target":["https:\/\/shoko.nl\/pl\/kiedy-zadzwonic-na-pogotowie-lekarskie\/"]}]},{"@type":"BreadcrumbList","@id":"https:\/\/shoko.nl\/pl\/kiedy-zadzwonic-na-pogotowie-lekarskie\/#breadcrumb","itemListElement":[{"@type":"ListItem","position":1,"name":"Home","item":"https:\/\/shoko.nl\/pl\/"},{"@type":"ListItem","position":2,"name":"Kiedy nale\u017cy zadzwoni\u0107 do pogotowia lekarskiego?"}]},{"@type":"WebSite","@id":"https:\/\/shoko.nl\/pl\/#website","url":"https:\/\/shoko.nl\/pl\/","name":"SHoko huisartsen spoedpost - Polski","description":"","potentialAction":[{"@type":"SearchAction","target":{"@type":"EntryPoint","urlTemplate":"https:\/\/shoko.nl\/pl\/?s={search_term_string}"},"query-input":{"@type":"PropertyValueSpecification","valueRequired":true,"valueName":"search_term_string"}}],"inLanguage":"pl-PL"}]}},"_links":{"self":[{"href":"https:\/\/shoko.nl\/pl\/wp-json\/wp\/v2\/pages\/54131","targetHints":{"allow":["GET"]}}],"collection":[{"href":"https:\/\/shoko.nl\/pl\/wp-json\/wp\/v2\/pages"}],"about":[{"href":"https:\/\/shoko.nl\/pl\/wp-json\/wp\/v2\/types\/page"}],"author":[{"embeddable":true,"href":"https:\/\/shoko.nl\/pl\/wp-json\/wp\/v2\/users\/3"}],"replies":[{"embeddable":true,"href":"https:\/\/shoko.nl\/pl\/wp-json\/wp\/v2\/comments?post=54131"}],"version-history":[{"count":2,"href":"https:\/\/shoko.nl\/pl\/wp-json\/wp\/v2\/pages\/54131\/revisions"}],"predecessor-version":[{"id":54853,"href":"https:\/\/shoko.nl\/pl\/wp-json\/wp\/v2\/pages\/54131\/revisions\/54853"}],"wp:attachment":[{"href":"https:\/\/shoko.nl\/pl\/wp-json\/wp\/v2\/media?parent=54131"}],"curies":[{"name":"wp","href":"https:\/\/api.w.org\/{rel}","templated":true}]}}