{"id":54133,"date":"2025-04-18T11:22:52","date_gmt":"2025-04-18T09:22:52","guid":{"rendered":"https:\/\/shoko.mindd.dev\/?page_id=54133"},"modified":"2025-12-23T12:01:17","modified_gmt":"2025-12-23T11:01:17","slug":"over-shoko","status":"publish","type":"page","link":"https:\/\/shoko.nl\/pl\/over-shoko\/","title":{"rendered":"O SHoKo"},"content":{"rendered":"\n<p>Samenwerkende Huisarts Organisatie Kempen en Omstreken, Co\u00f6peratief U.A. &nbsp;(SHoKo) zosta\u0142a za\u0142o\u017cona przez lekarzy rodzinnych pracuj\u0105cych w regionie Po\u0142udniowo-Wschodniego Brabancji. SHoKo zapewnia &#8222;opiek\u0119 na miar\u0119 dopasowan\u0105&#8221; poza godzinami pracy.<\/p>\n\n\n\n<p>Pacjenci, kt\u00f3rzy pilnie potrzebuj\u0105 lekarza rodzinnego poza godzinami pracy lub w niedziele i \u015bwi\u0119ta, mog\u0105 skontaktowa\u0107 si\u0119 z nami telefonicznie. W zale\u017cno\u015bci od zapotrzebowania ustala si\u0119, jakiej opieki potrzebujesz. &nbsp;<\/p>\n\n\n\n<p>Kilku lekarzy rodzinnych pracuje na punkcie ratunkowym lekarza rodzinnego. Na zmian\u0119 pe\u0142ni\u0105 s\u0142u\u017cb\u0119. Opr\u00f3cz lekarzy rodzinnych, jest tak\u017ce oko\u0142o&nbsp;30 wykwalifikowanych piel\u0119gniarek triage. Otrzymuj\u0105 pro\u015bby o pomoc telefonicznie, umawiaj\u0105 wizyty, przyjmuj\u0105 pacjent\u00f3w, pomagaj\u0105 lekarzowi rodzinnym przy drobnych procedurach i dbaj\u0105 o odpowiedni\u0105 obs\u0142ug\u0119. Ponadto samodzielnie rozpatruj\u0105 pro\u015bby o pomoc pod odpowiedzialno\u015bci\u0105 lekarza rodzinnego.<\/p>\n\n\n\n<p><strong>Zgromadzenie Og\u00f3lne<\/strong><\/p>\n\n\n\n<p>Walne Zgromadzenie Cz\u0142onk\u00f3w (GMM) jest najwy\u017cszym organem w ramach sp\u00f3\u0142dzielni. Cz\u0142onkami GMM s\u0105 lekarze og\u00f3lni powi\u0105zani z SHoKo. GMM uczestniczy w strategii sp\u00f3\u0142dzielni i podejmuje decyzje dotycz\u0105ce wa\u017cnych spraw w jej obr\u0119bie, zgodnie ze statutem statutu.<\/p>\n\n\n\n<p><strong>Zarz\u0105d<\/strong><\/p>\n\n\n\n<p>Rada dba o realizacj\u0119 cel\u00f3w SHoKo. Rada sk\u0142ada si\u0119 z dw\u00f3ch cz\u0142onk\u00f3w: &nbsp;<\/p>\n\n\n\n<ul class=\"wp-block-list\">\n<li>Natasja Kochx<\/li>\n\n\n\n<li>Frank Benne<\/li>\n<\/ul>\n\n\n\n<p><strong>Rada Nadzorcza<\/strong><\/p>\n\n\n\n<p>Rada Nadzorcza nadzoruje og\u00f3lne sprawy sp\u00f3\u0142dzielni oraz polityk\u0119 Zarz\u0105du. Doradza zarz\u0105dowi i pe\u0142ni rol\u0119 pracodawcy wobec cz\u0142onk\u00f3w zarz\u0105du. Rada Nadzorcza sk\u0142ada si\u0119 z trzech cz\u0142onk\u00f3w:<\/p>\n\n\n\n<ul class=\"wp-block-list\">\n<li>Renate Richters<\/li>\n\n\n\n<li>Anouk Hoare<\/li>\n\n\n\n<li>Tom Fransen<\/li>\n<\/ul>\n\n\n\n<p>Z Rad\u0105 Nadzorcz\u0105 mo\u017cna si\u0119 skontaktowa\u0107 pod adresem e-mail: <a href=\"mailto:raadvancommissarissen@shoko.nl\" target=\"_blank\" rel=\"noreferrer noopener\">raadvancommissarissen@shoko.nl<\/a><\/p>\n\n\n\n<p><\/p>\n","protected":false},"excerpt":{"rendered":"<p>Samenwerkende Huisarts Organisatie Kempen en Omstreken, Co\u00f6peratief U.A. &nbsp;(SHoKo) zosta\u0142a za\u0142o\u017cona przez lekarzy rodzinnych pracuj\u0105cych w regionie Po\u0142udniowo-Wschodniego Brabancji. SHoKo zapewnia &#8222;opiek\u0119 na miar\u0119 dopasowan\u0105&#8221; poza godzinami pracy. Pacjenci, kt\u00f3rzy pilnie potrzebuj\u0105 lekarza rodzinnego poza godzinami pracy lub w niedziele i \u015bwi\u0119ta, mog\u0105 skontaktowa\u0107 si\u0119 z nami telefonicznie. W zale\u017cno\u015bci od zapotrzebowania ustala si\u0119, jakiej [&hellip;]<\/p>\n","protected":false},"author":3,"featured_media":0,"parent":0,"menu_order":0,"comment_status":"closed","ping_status":"closed","template":"","meta":{"_acf_changed":false,"_trash_the_other_posts":false,"editor_notices":[],"footnotes":""},"class_list":["post-54133","page","type-page","status-publish","hentry"],"acf":[],"yoast_head":"<!-- This site is optimized with the Yoast SEO plugin v26.6 - https:\/\/yoast.com\/wordpress\/plugins\/seo\/ -->\n<title>O SHoKo - SHoko huisartsen spoedpost - Polski<\/title>\n<meta name=\"robots\" content=\"index, follow, max-snippet:-1, max-image-preview:large, max-video-preview:-1\" \/>\n<link rel=\"canonical\" href=\"https:\/\/shoko.nl\/pl\/over-shoko\/\" \/>\n<meta property=\"og:locale\" content=\"pl_PL\" \/>\n<meta property=\"og:type\" content=\"article\" \/>\n<meta property=\"og:title\" content=\"O SHoKo - SHoko huisartsen spoedpost - Polski\" \/>\n<meta property=\"og:description\" content=\"Samenwerkende Huisarts Organisatie Kempen en Omstreken, Co\u00f6peratief U.A. &nbsp;(SHoKo) zosta\u0142a za\u0142o\u017cona przez lekarzy rodzinnych pracuj\u0105cych w regionie Po\u0142udniowo-Wschodniego Brabancji. SHoKo zapewnia &#8222;opiek\u0119 na miar\u0119 dopasowan\u0105&#8221; poza godzinami pracy. Pacjenci, kt\u00f3rzy pilnie potrzebuj\u0105 lekarza rodzinnego poza godzinami pracy lub w niedziele i \u015bwi\u0119ta, mog\u0105 skontaktowa\u0107 si\u0119 z nami telefonicznie. W zale\u017cno\u015bci od zapotrzebowania ustala si\u0119, jakiej [&hellip;]\" \/>\n<meta property=\"og:url\" content=\"https:\/\/shoko.nl\/pl\/over-shoko\/\" \/>\n<meta property=\"og:site_name\" content=\"SHoko huisartsen spoedpost - Polski\" \/>\n<meta property=\"article:modified_time\" content=\"2025-12-23T11:01:17+00:00\" \/>\n<meta name=\"twitter:card\" content=\"summary_large_image\" \/>\n<meta name=\"twitter:label1\" content=\"Szacowany czas czytania\" \/>\n\t<meta name=\"twitter:data1\" content=\"2 minuty\" \/>\n<script type=\"application\/ld+json\" class=\"yoast-schema-graph\">{\"@context\":\"https:\/\/schema.org\",\"@graph\":[{\"@type\":\"WebPage\",\"@id\":\"https:\/\/shoko.nl\/pl\/over-shoko\/\",\"url\":\"https:\/\/shoko.nl\/pl\/over-shoko\/\",\"name\":\"O SHoKo - SHoko huisartsen spoedpost - Polski\",\"isPartOf\":{\"@id\":\"https:\/\/shoko.nl\/pl\/#website\"},\"datePublished\":\"2025-04-18T09:22:52+00:00\",\"dateModified\":\"2025-12-23T11:01:17+00:00\",\"breadcrumb\":{\"@id\":\"https:\/\/shoko.nl\/pl\/over-shoko\/#breadcrumb\"},\"inLanguage\":\"pl-PL\",\"potentialAction\":[{\"@type\":\"ReadAction\",\"target\":[\"https:\/\/shoko.nl\/pl\/over-shoko\/\"]}]},{\"@type\":\"BreadcrumbList\",\"@id\":\"https:\/\/shoko.nl\/pl\/over-shoko\/#breadcrumb\",\"itemListElement\":[{\"@type\":\"ListItem\",\"position\":1,\"name\":\"Home\",\"item\":\"https:\/\/shoko.nl\/pl\/\"},{\"@type\":\"ListItem\",\"position\":2,\"name\":\"O firmie SHoKo\"}]},{\"@type\":\"WebSite\",\"@id\":\"https:\/\/shoko.nl\/pl\/#website\",\"url\":\"https:\/\/shoko.nl\/pl\/\",\"name\":\"SHoko huisartsen spoedpost - Polski\",\"description\":\"\",\"potentialAction\":[{\"@type\":\"SearchAction\",\"target\":{\"@type\":\"EntryPoint\",\"urlTemplate\":\"https:\/\/shoko.nl\/pl\/?s={search_term_string}\"},\"query-input\":{\"@type\":\"PropertyValueSpecification\",\"valueRequired\":true,\"valueName\":\"search_term_string\"}}],\"inLanguage\":\"pl-PL\"}]}<\/script>\n<!-- \/ Yoast SEO plugin. -->","yoast_head_json":{"title":"O SHoKo - SHoko huisartsen spoedpost - Polski","robots":{"index":"index","follow":"follow","max-snippet":"max-snippet:-1","max-image-preview":"max-image-preview:large","max-video-preview":"max-video-preview:-1"},"canonical":"https:\/\/shoko.nl\/pl\/over-shoko\/","og_locale":"pl_PL","og_type":"article","og_title":"O SHoKo - SHoko huisartsen spoedpost - Polski","og_description":"Samenwerkende Huisarts Organisatie Kempen en Omstreken, Co\u00f6peratief U.A. &nbsp;(SHoKo) zosta\u0142a za\u0142o\u017cona przez lekarzy rodzinnych pracuj\u0105cych w regionie Po\u0142udniowo-Wschodniego Brabancji. SHoKo zapewnia &#8222;opiek\u0119 na miar\u0119 dopasowan\u0105&#8221; poza godzinami pracy. Pacjenci, kt\u00f3rzy pilnie potrzebuj\u0105 lekarza rodzinnego poza godzinami pracy lub w niedziele i \u015bwi\u0119ta, mog\u0105 skontaktowa\u0107 si\u0119 z nami telefonicznie. W zale\u017cno\u015bci od zapotrzebowania ustala si\u0119, jakiej [&hellip;]","og_url":"https:\/\/shoko.nl\/pl\/over-shoko\/","og_site_name":"SHoko huisartsen spoedpost - Polski","article_modified_time":"2025-12-23T11:01:17+00:00","twitter_card":"summary_large_image","twitter_misc":{"Szacowany czas czytania":"2 minuty"},"schema":{"@context":"https:\/\/schema.org","@graph":[{"@type":"WebPage","@id":"https:\/\/shoko.nl\/pl\/over-shoko\/","url":"https:\/\/shoko.nl\/pl\/over-shoko\/","name":"O SHoKo - SHoko huisartsen spoedpost - Polski","isPartOf":{"@id":"https:\/\/shoko.nl\/pl\/#website"},"datePublished":"2025-04-18T09:22:52+00:00","dateModified":"2025-12-23T11:01:17+00:00","breadcrumb":{"@id":"https:\/\/shoko.nl\/pl\/over-shoko\/#breadcrumb"},"inLanguage":"pl-PL","potentialAction":[{"@type":"ReadAction","target":["https:\/\/shoko.nl\/pl\/over-shoko\/"]}]},{"@type":"BreadcrumbList","@id":"https:\/\/shoko.nl\/pl\/over-shoko\/#breadcrumb","itemListElement":[{"@type":"ListItem","position":1,"name":"Home","item":"https:\/\/shoko.nl\/pl\/"},{"@type":"ListItem","position":2,"name":"O firmie SHoKo"}]},{"@type":"WebSite","@id":"https:\/\/shoko.nl\/pl\/#website","url":"https:\/\/shoko.nl\/pl\/","name":"SHoko huisartsen spoedpost - Polski","description":"","potentialAction":[{"@type":"SearchAction","target":{"@type":"EntryPoint","urlTemplate":"https:\/\/shoko.nl\/pl\/?s={search_term_string}"},"query-input":{"@type":"PropertyValueSpecification","valueRequired":true,"valueName":"search_term_string"}}],"inLanguage":"pl-PL"}]}},"_links":{"self":[{"href":"https:\/\/shoko.nl\/pl\/wp-json\/wp\/v2\/pages\/54133","targetHints":{"allow":["GET"]}}],"collection":[{"href":"https:\/\/shoko.nl\/pl\/wp-json\/wp\/v2\/pages"}],"about":[{"href":"https:\/\/shoko.nl\/pl\/wp-json\/wp\/v2\/types\/page"}],"author":[{"embeddable":true,"href":"https:\/\/shoko.nl\/pl\/wp-json\/wp\/v2\/users\/3"}],"replies":[{"embeddable":true,"href":"https:\/\/shoko.nl\/pl\/wp-json\/wp\/v2\/comments?post=54133"}],"version-history":[{"count":4,"href":"https:\/\/shoko.nl\/pl\/wp-json\/wp\/v2\/pages\/54133\/revisions"}],"predecessor-version":[{"id":54873,"href":"https:\/\/shoko.nl\/pl\/wp-json\/wp\/v2\/pages\/54133\/revisions\/54873"}],"wp:attachment":[{"href":"https:\/\/shoko.nl\/pl\/wp-json\/wp\/v2\/media?parent=54133"}],"curies":[{"name":"wp","href":"https:\/\/api.w.org\/{rel}","templated":true}]}}