{"id":54135,"date":"2025-04-18T11:23:08","date_gmt":"2025-04-18T09:23:08","guid":{"rendered":"https:\/\/shoko.mindd.dev\/?page_id=54135"},"modified":"2025-12-23T11:28:36","modified_gmt":"2025-12-23T10:28:36","slug":"rada-klienta","status":"publish","type":"page","link":"https:\/\/shoko.nl\/pl\/rada-klienta\/","title":{"rendered":"Rada Klienta"},"content":{"rendered":"\n<p>Rada klienta dzia\u0142a w <strong>ramach Samenwerkende Huisartsen Organisatie Kempen en Omstreken<\/strong> (SHOKO). Rada Klienta, sk\u0142adaj\u0105ca si\u0119 z mieszka\u0144c\u00f3w obszaru pracy, reprezentuje wsp\u00f3lne interesy pacjent\u00f3w i doradza radzie w sprawach wp\u0142ywaj\u0105cych na jako\u015b\u0107 opieki i us\u0142ug. Jest to nie tylko obowi\u0105zek prawny, ale tak\u017ce ca\u0142kowicie zgodny z aktywn\u0105 polityk\u0105 SHOKO jako organizacji zorientowanej na pacjenta.<\/p>\n\n\n\n<p><\/p>\n\n\n\n<p><strong>Cel<\/strong> <strong>i funkcja<\/strong><\/p>\n\n\n\n<p>Rada klienta reprezentuje interesy wszystkich klient\u00f3w i przyczynia si\u0119 do jako\u015bci, dost\u0119pno\u015bci oraz orientacji opieki na pacjenta. Rada konsultuje si\u0119 z rad\u0105 w kwestiach takich jak informacje o pacjencie, ochrona prywatno\u015bci, obs\u0142uga skarg oraz inne kwestie istotne dla do\u015bwiadczenia pacjenta.<\/p>\n\n\n\n<p><\/p>\n\n\n\n<p><strong>Zadania<\/strong><\/p>\n\n\n\n<p>Rada klienta koncentruje si\u0119 na og\u00f3lnym interesie pacjent\u00f3w w obszarze pracy SHoKo. Rada przedstawia pomys\u0142y na popraw\u0119 opieki, dzieli si\u0119 spostrze\u017ceniami i sygna\u0142ami z praktyki oraz doradza radzie w kwestii decyzji politycznych. Sugestie i pomys\u0142y klient\u00f3w s\u0105 zawsze mile widziane i zostan\u0105 uwzgl\u0119dnione w opinii dla zarz\u0105du.<\/p>\n\n\n\n<p><\/p>\n\n\n\n<p><strong>Sk\u0142ad<\/strong> <strong>i wakat<\/strong><\/p>\n\n\n\n<p>Na czele kt\u00f3rej stoi Mahrou Kharazi, MSc., rada klienta obecnie liczy 2 cz\u0142onk\u00f3w i jest obecnie rozszerzana. Dlatego poszukujemy entuzjastycznych nowych cz\u0142onk\u00f3w, kt\u00f3rzy chc\u0105 aktywnie wsp\u00f3\u0142my\u015ble\u0107 i przyczynia\u0107 si\u0119 do optymalnej opieki nad pacjentem w regionie.<\/p>\n\n\n\n<p><\/p>\n\n\n\n<p><strong>Zosta\u0144 cz\u0142onkiem<\/strong><\/p>\n\n\n\n<p>Czy anga\u017cujesz si\u0119 w opatrzenie zdrowia w swoim regionie i czy chcesz co\u015b zmieni\u0107 dla pacjent\u00f3w? Skontaktuj si\u0119 z nami i dowiedz si\u0119, jak mo\u017cesz zaanga\u017cowa\u0107 si\u0119 jako cz\u0142onek rady klienta<\/p>\n\n\n\n<p><\/p>\n\n\n\n<p><strong>Pytania lub pomys\u0142y <\/strong><\/p>\n\n\n\n<p>Masz jakie\u015b pytania lub pomys\u0142y? Nast\u0119pnie napisz do rady klienta.<\/p>\n\n\n\n<p><\/p>\n\n\n\n<p><strong>Dane kontaktowe<\/strong><\/p>\n\n\n\n<p>E-mail:&nbsp;clientenraad@shoko.nl<\/p>\n\n\n\n<figure class=\"wp-block-image size-large\"><img decoding=\"async\" width=\"1024\" height=\"683\" src=\"https:\/\/shoko.nl\/wp-content\/uploads\/sites\/190\/2025\/09\/IMG_9379-1024x683.jpeg\" alt=\"\" class=\"wp-image-54746\" srcset=\"https:\/\/shoko.nl\/pl\/wp-content\/uploads\/sites\/229\/2025\/09\/IMG_9379-1024x683.jpeg 1024w, https:\/\/shoko.nl\/pl\/wp-content\/uploads\/sites\/229\/2025\/09\/IMG_9379-300x200.jpeg 300w, https:\/\/shoko.nl\/pl\/wp-content\/uploads\/sites\/229\/2025\/09\/IMG_9379-768x512.jpeg 768w, https:\/\/shoko.nl\/pl\/wp-content\/uploads\/sites\/229\/2025\/09\/IMG_9379-1536x1025.jpeg 1536w, https:\/\/shoko.nl\/pl\/wp-content\/uploads\/sites\/229\/2025\/09\/IMG_9379.jpeg 2000w\" sizes=\"(max-width: 1024px) 100vw, 1024px\" \/><\/figure>\n\n\n\n<p> Mahrou Kharazi, przewodnicz\u0105cy Rady Klienta<\/p>\n","protected":false},"excerpt":{"rendered":"<p>Rada klienta dzia\u0142a w ramach Samenwerkende Huisartsen Organisatie Kempen en Omstreken (SHOKO). Rada Klienta, sk\u0142adaj\u0105ca si\u0119 z mieszka\u0144c\u00f3w obszaru pracy, reprezentuje wsp\u00f3lne interesy pacjent\u00f3w i doradza radzie w sprawach wp\u0142ywaj\u0105cych na jako\u015b\u0107 opieki i us\u0142ug. Jest to nie tylko obowi\u0105zek prawny, ale tak\u017ce ca\u0142kowicie zgodny z aktywn\u0105 polityk\u0105 SHOKO jako organizacji zorientowanej na pacjenta. Cel [&hellip;]<\/p>\n","protected":false},"author":3,"featured_media":0,"parent":0,"menu_order":0,"comment_status":"closed","ping_status":"closed","template":"","meta":{"_acf_changed":false,"_trash_the_other_posts":false,"editor_notices":[],"footnotes":""},"class_list":["post-54135","page","type-page","status-publish","hentry"],"acf":[],"yoast_head":"<!-- This site is optimized with the Yoast SEO plugin v26.6 - https:\/\/yoast.com\/wordpress\/plugins\/seo\/ -->\n<title>Rada Klienta - SHoko huisartsen spoedpost - Polski<\/title>\n<meta name=\"robots\" content=\"index, follow, max-snippet:-1, max-image-preview:large, max-video-preview:-1\" \/>\n<link rel=\"canonical\" href=\"https:\/\/shoko.nl\/pl\/rada-klientow\/\" \/>\n<meta property=\"og:locale\" content=\"pl_PL\" \/>\n<meta property=\"og:type\" content=\"article\" \/>\n<meta property=\"og:title\" content=\"Rada Klienta - SHoko huisartsen spoedpost - Polski\" \/>\n<meta property=\"og:description\" content=\"Rada klienta dzia\u0142a w ramach Samenwerkende Huisartsen Organisatie Kempen en Omstreken (SHOKO). Rada Klienta, sk\u0142adaj\u0105ca si\u0119 z mieszka\u0144c\u00f3w obszaru pracy, reprezentuje wsp\u00f3lne interesy pacjent\u00f3w i doradza radzie w sprawach wp\u0142ywaj\u0105cych na jako\u015b\u0107 opieki i us\u0142ug. Jest to nie tylko obowi\u0105zek prawny, ale tak\u017ce ca\u0142kowicie zgodny z aktywn\u0105 polityk\u0105 SHOKO jako organizacji zorientowanej na pacjenta. Cel [&hellip;]\" \/>\n<meta property=\"og:url\" content=\"https:\/\/shoko.nl\/pl\/rada-klientow\/\" \/>\n<meta property=\"og:site_name\" content=\"SHoko huisartsen spoedpost - Polski\" \/>\n<meta property=\"article:modified_time\" content=\"2025-12-23T10:28:36+00:00\" \/>\n<meta property=\"og:image\" content=\"https:\/\/shoko.nl\/wp-content\/uploads\/sites\/190\/2025\/09\/IMG_9379-1024x683.jpeg\" \/>\n<meta name=\"twitter:card\" content=\"summary_large_image\" \/>\n<meta name=\"twitter:label1\" content=\"Szacowany czas czytania\" \/>\n\t<meta name=\"twitter:data1\" content=\"2 minuty\" \/>\n<script type=\"application\/ld+json\" class=\"yoast-schema-graph\">{\"@context\":\"https:\/\/schema.org\",\"@graph\":[{\"@type\":\"WebPage\",\"@id\":\"https:\/\/shoko.nl\/pl\/rada-klientow\/\",\"url\":\"https:\/\/shoko.nl\/pl\/rada-klientow\/\",\"name\":\"Rada Klienta - SHoko huisartsen spoedpost - Polski\",\"isPartOf\":{\"@id\":\"https:\/\/shoko.nl\/pl\/#website\"},\"primaryImageOfPage\":{\"@id\":\"https:\/\/shoko.nl\/pl\/rada-klientow\/#primaryimage\"},\"image\":{\"@id\":\"https:\/\/shoko.nl\/pl\/rada-klientow\/#primaryimage\"},\"thumbnailUrl\":\"https:\/\/shoko.nl\/wp-content\/uploads\/sites\/190\/2025\/09\/IMG_9379-1024x683.jpeg\",\"datePublished\":\"2025-04-18T09:23:08+00:00\",\"dateModified\":\"2025-12-23T10:28:36+00:00\",\"breadcrumb\":{\"@id\":\"https:\/\/shoko.nl\/pl\/rada-klientow\/#breadcrumb\"},\"inLanguage\":\"pl-PL\",\"potentialAction\":[{\"@type\":\"ReadAction\",\"target\":[\"https:\/\/shoko.nl\/pl\/rada-klientow\/\"]}]},{\"@type\":\"ImageObject\",\"inLanguage\":\"pl-PL\",\"@id\":\"https:\/\/shoko.nl\/pl\/rada-klientow\/#primaryimage\",\"url\":\"https:\/\/shoko.nl\/wp-content\/uploads\/sites\/190\/2025\/09\/IMG_9379-1024x683.jpeg\",\"contentUrl\":\"https:\/\/shoko.nl\/wp-content\/uploads\/sites\/190\/2025\/09\/IMG_9379-1024x683.jpeg\"},{\"@type\":\"BreadcrumbList\",\"@id\":\"https:\/\/shoko.nl\/pl\/rada-klientow\/#breadcrumb\",\"itemListElement\":[{\"@type\":\"ListItem\",\"position\":1,\"name\":\"Home\",\"item\":\"https:\/\/shoko.nl\/pl\/\"},{\"@type\":\"ListItem\",\"position\":2,\"name\":\"Rada Klient\u00f3w\"}]},{\"@type\":\"WebSite\",\"@id\":\"https:\/\/shoko.nl\/pl\/#website\",\"url\":\"https:\/\/shoko.nl\/pl\/\",\"name\":\"SHoko huisartsen spoedpost - Polski\",\"description\":\"\",\"potentialAction\":[{\"@type\":\"SearchAction\",\"target\":{\"@type\":\"EntryPoint\",\"urlTemplate\":\"https:\/\/shoko.nl\/pl\/?s={search_term_string}\"},\"query-input\":{\"@type\":\"PropertyValueSpecification\",\"valueRequired\":true,\"valueName\":\"search_term_string\"}}],\"inLanguage\":\"pl-PL\"}]}<\/script>\n<!-- \/ Yoast SEO plugin. -->","yoast_head_json":{"title":"Rada Klienta - SHoko huisartsen spoedpost - Polski","robots":{"index":"index","follow":"follow","max-snippet":"max-snippet:-1","max-image-preview":"max-image-preview:large","max-video-preview":"max-video-preview:-1"},"canonical":"https:\/\/shoko.nl\/pl\/rada-klientow\/","og_locale":"pl_PL","og_type":"article","og_title":"Rada Klienta - SHoko huisartsen spoedpost - Polski","og_description":"Rada klienta dzia\u0142a w ramach Samenwerkende Huisartsen Organisatie Kempen en Omstreken (SHOKO). Rada Klienta, sk\u0142adaj\u0105ca si\u0119 z mieszka\u0144c\u00f3w obszaru pracy, reprezentuje wsp\u00f3lne interesy pacjent\u00f3w i doradza radzie w sprawach wp\u0142ywaj\u0105cych na jako\u015b\u0107 opieki i us\u0142ug. Jest to nie tylko obowi\u0105zek prawny, ale tak\u017ce ca\u0142kowicie zgodny z aktywn\u0105 polityk\u0105 SHOKO jako organizacji zorientowanej na pacjenta. Cel [&hellip;]","og_url":"https:\/\/shoko.nl\/pl\/rada-klientow\/","og_site_name":"SHoko huisartsen spoedpost - Polski","article_modified_time":"2025-12-23T10:28:36+00:00","og_image":[{"url":"https:\/\/shoko.nl\/wp-content\/uploads\/sites\/190\/2025\/09\/IMG_9379-1024x683.jpeg","type":"","width":"","height":""}],"twitter_card":"summary_large_image","twitter_misc":{"Szacowany czas czytania":"2 minuty"},"schema":{"@context":"https:\/\/schema.org","@graph":[{"@type":"WebPage","@id":"https:\/\/shoko.nl\/pl\/rada-klientow\/","url":"https:\/\/shoko.nl\/pl\/rada-klientow\/","name":"Rada Klienta - SHoko huisartsen spoedpost - Polski","isPartOf":{"@id":"https:\/\/shoko.nl\/pl\/#website"},"primaryImageOfPage":{"@id":"https:\/\/shoko.nl\/pl\/rada-klientow\/#primaryimage"},"image":{"@id":"https:\/\/shoko.nl\/pl\/rada-klientow\/#primaryimage"},"thumbnailUrl":"https:\/\/shoko.nl\/wp-content\/uploads\/sites\/190\/2025\/09\/IMG_9379-1024x683.jpeg","datePublished":"2025-04-18T09:23:08+00:00","dateModified":"2025-12-23T10:28:36+00:00","breadcrumb":{"@id":"https:\/\/shoko.nl\/pl\/rada-klientow\/#breadcrumb"},"inLanguage":"pl-PL","potentialAction":[{"@type":"ReadAction","target":["https:\/\/shoko.nl\/pl\/rada-klientow\/"]}]},{"@type":"ImageObject","inLanguage":"pl-PL","@id":"https:\/\/shoko.nl\/pl\/rada-klientow\/#primaryimage","url":"https:\/\/shoko.nl\/wp-content\/uploads\/sites\/190\/2025\/09\/IMG_9379-1024x683.jpeg","contentUrl":"https:\/\/shoko.nl\/wp-content\/uploads\/sites\/190\/2025\/09\/IMG_9379-1024x683.jpeg"},{"@type":"BreadcrumbList","@id":"https:\/\/shoko.nl\/pl\/rada-klientow\/#breadcrumb","itemListElement":[{"@type":"ListItem","position":1,"name":"Home","item":"https:\/\/shoko.nl\/pl\/"},{"@type":"ListItem","position":2,"name":"Rada Klient\u00f3w"}]},{"@type":"WebSite","@id":"https:\/\/shoko.nl\/pl\/#website","url":"https:\/\/shoko.nl\/pl\/","name":"SHoko huisartsen spoedpost - Polski","description":"","potentialAction":[{"@type":"SearchAction","target":{"@type":"EntryPoint","urlTemplate":"https:\/\/shoko.nl\/pl\/?s={search_term_string}"},"query-input":{"@type":"PropertyValueSpecification","valueRequired":true,"valueName":"search_term_string"}}],"inLanguage":"pl-PL"}]}},"_links":{"self":[{"href":"https:\/\/shoko.nl\/pl\/wp-json\/wp\/v2\/pages\/54135","targetHints":{"allow":["GET"]}}],"collection":[{"href":"https:\/\/shoko.nl\/pl\/wp-json\/wp\/v2\/pages"}],"about":[{"href":"https:\/\/shoko.nl\/pl\/wp-json\/wp\/v2\/types\/page"}],"author":[{"embeddable":true,"href":"https:\/\/shoko.nl\/pl\/wp-json\/wp\/v2\/users\/3"}],"replies":[{"embeddable":true,"href":"https:\/\/shoko.nl\/pl\/wp-json\/wp\/v2\/comments?post=54135"}],"version-history":[{"count":5,"href":"https:\/\/shoko.nl\/pl\/wp-json\/wp\/v2\/pages\/54135\/revisions"}],"predecessor-version":[{"id":54867,"href":"https:\/\/shoko.nl\/pl\/wp-json\/wp\/v2\/pages\/54135\/revisions\/54867"}],"wp:attachment":[{"href":"https:\/\/shoko.nl\/pl\/wp-json\/wp\/v2\/media?parent=54135"}],"curies":[{"name":"wp","href":"https:\/\/api.w.org\/{rel}","templated":true}]}}