{"id":54724,"date":"2025-04-24T11:40:57","date_gmt":"2025-04-24T09:40:57","guid":{"rendered":"https:\/\/shoko.mindd.dev\/?page_id=54724"},"modified":"2025-11-12T16:18:57","modified_gmt":"2025-11-12T15:18:57","slug":"404-2","status":"publish","type":"page","link":"https:\/\/shoko.nl\/pl\/404-2\/","title":{"rendered":"404"},"content":{"rendered":"\n<p>Przepraszamy, ta strona ju\u017c nie istnieje. Mo\u017cesz znale\u017a\u0107 to, czego szukasz, gdy przejdziesz do <a href=\"\/\">strony g\u0142\u00f3wnej<\/a>.<\/p>\n","protected":false},"excerpt":{"rendered":"<p>Przepraszamy, ta strona ju\u017c nie istnieje. Mo\u017cesz znale\u017a\u0107 to, czego szukasz, gdy przejdziesz do strony g\u0142\u00f3wnej.<\/p>\n","protected":false},"author":3,"featured_media":0,"parent":0,"menu_order":0,"comment_status":"closed","ping_status":"closed","template":"","meta":{"_acf_changed":false,"_trash_the_other_posts":false,"editor_notices":[],"footnotes":""},"class_list":["post-54724","page","type-page","status-publish","hentry"],"acf":[],"yoast_head":"<!-- This site is optimized with the Yoast SEO plugin v26.6 - https:\/\/yoast.com\/wordpress\/plugins\/seo\/ -->\n<title>404 - SHoko huisartsen spoedpost - Polski<\/title>\n<meta name=\"robots\" content=\"index, follow, max-snippet:-1, max-image-preview:large, max-video-preview:-1\" \/>\n<link rel=\"canonical\" href=\"https:\/\/shoko.nl\/pl\/404-2\/\" \/>\n<meta property=\"og:locale\" content=\"pl_PL\" \/>\n<meta property=\"og:type\" content=\"article\" \/>\n<meta property=\"og:title\" content=\"404 - SHoko huisartsen spoedpost - Polski\" \/>\n<meta property=\"og:description\" content=\"Przepraszamy, ta strona ju\u017c nie istnieje. Mo\u017cesz znale\u017a\u0107 to, czego szukasz, gdy przejdziesz do strony g\u0142\u00f3wnej.\" \/>\n<meta property=\"og:url\" content=\"https:\/\/shoko.nl\/pl\/404-2\/\" \/>\n<meta property=\"og:site_name\" content=\"SHoko huisartsen spoedpost - Polski\" \/>\n<meta property=\"article:modified_time\" content=\"2025-11-12T15:18:57+00:00\" \/>\n<meta name=\"twitter:card\" content=\"summary_large_image\" \/>\n<meta name=\"twitter:label1\" content=\"Szacowany czas czytania\" \/>\n\t<meta name=\"twitter:data1\" content=\"1 minuta\" \/>\n<script type=\"application\/ld+json\" class=\"yoast-schema-graph\">{\"@context\":\"https:\/\/schema.org\",\"@graph\":[{\"@type\":\"WebPage\",\"@id\":\"https:\/\/shoko.nl\/pl\/404-2\/\",\"url\":\"https:\/\/shoko.nl\/pl\/404-2\/\",\"name\":\"404 - SHoko huisartsen spoedpost - Polski\",\"isPartOf\":{\"@id\":\"https:\/\/shoko.nl\/pl\/#website\"},\"datePublished\":\"2025-04-24T09:40:57+00:00\",\"dateModified\":\"2025-11-12T15:18:57+00:00\",\"breadcrumb\":{\"@id\":\"https:\/\/shoko.nl\/pl\/404-2\/#breadcrumb\"},\"inLanguage\":\"pl-PL\",\"potentialAction\":[{\"@type\":\"ReadAction\",\"target\":[\"https:\/\/shoko.nl\/pl\/404-2\/\"]}]},{\"@type\":\"BreadcrumbList\",\"@id\":\"https:\/\/shoko.nl\/pl\/404-2\/#breadcrumb\",\"itemListElement\":[{\"@type\":\"ListItem\",\"position\":1,\"name\":\"Home\",\"item\":\"https:\/\/shoko.nl\/pl\/\"},{\"@type\":\"ListItem\",\"position\":2,\"name\":\"404\"}]},{\"@type\":\"WebSite\",\"@id\":\"https:\/\/shoko.nl\/pl\/#website\",\"url\":\"https:\/\/shoko.nl\/pl\/\",\"name\":\"SHoko huisartsen spoedpost - Polski\",\"description\":\"\",\"potentialAction\":[{\"@type\":\"SearchAction\",\"target\":{\"@type\":\"EntryPoint\",\"urlTemplate\":\"https:\/\/shoko.nl\/pl\/?s={search_term_string}\"},\"query-input\":{\"@type\":\"PropertyValueSpecification\",\"valueRequired\":true,\"valueName\":\"search_term_string\"}}],\"inLanguage\":\"pl-PL\"}]}<\/script>\n<!-- \/ Yoast SEO plugin. -->","yoast_head_json":{"title":"404 - SHoko huisartsen spoedpost - Polski","robots":{"index":"index","follow":"follow","max-snippet":"max-snippet:-1","max-image-preview":"max-image-preview:large","max-video-preview":"max-video-preview:-1"},"canonical":"https:\/\/shoko.nl\/pl\/404-2\/","og_locale":"pl_PL","og_type":"article","og_title":"404 - SHoko huisartsen spoedpost - Polski","og_description":"Przepraszamy, ta strona ju\u017c nie istnieje. Mo\u017cesz znale\u017a\u0107 to, czego szukasz, gdy przejdziesz do strony g\u0142\u00f3wnej.","og_url":"https:\/\/shoko.nl\/pl\/404-2\/","og_site_name":"SHoko huisartsen spoedpost - Polski","article_modified_time":"2025-11-12T15:18:57+00:00","twitter_card":"summary_large_image","twitter_misc":{"Szacowany czas czytania":"1 minuta"},"schema":{"@context":"https:\/\/schema.org","@graph":[{"@type":"WebPage","@id":"https:\/\/shoko.nl\/pl\/404-2\/","url":"https:\/\/shoko.nl\/pl\/404-2\/","name":"404 - SHoko huisartsen spoedpost - Polski","isPartOf":{"@id":"https:\/\/shoko.nl\/pl\/#website"},"datePublished":"2025-04-24T09:40:57+00:00","dateModified":"2025-11-12T15:18:57+00:00","breadcrumb":{"@id":"https:\/\/shoko.nl\/pl\/404-2\/#breadcrumb"},"inLanguage":"pl-PL","potentialAction":[{"@type":"ReadAction","target":["https:\/\/shoko.nl\/pl\/404-2\/"]}]},{"@type":"BreadcrumbList","@id":"https:\/\/shoko.nl\/pl\/404-2\/#breadcrumb","itemListElement":[{"@type":"ListItem","position":1,"name":"Home","item":"https:\/\/shoko.nl\/pl\/"},{"@type":"ListItem","position":2,"name":"404"}]},{"@type":"WebSite","@id":"https:\/\/shoko.nl\/pl\/#website","url":"https:\/\/shoko.nl\/pl\/","name":"SHoko huisartsen spoedpost - Polski","description":"","potentialAction":[{"@type":"SearchAction","target":{"@type":"EntryPoint","urlTemplate":"https:\/\/shoko.nl\/pl\/?s={search_term_string}"},"query-input":{"@type":"PropertyValueSpecification","valueRequired":true,"valueName":"search_term_string"}}],"inLanguage":"pl-PL"}]}},"_links":{"self":[{"href":"https:\/\/shoko.nl\/pl\/wp-json\/wp\/v2\/pages\/54724","targetHints":{"allow":["GET"]}}],"collection":[{"href":"https:\/\/shoko.nl\/pl\/wp-json\/wp\/v2\/pages"}],"about":[{"href":"https:\/\/shoko.nl\/pl\/wp-json\/wp\/v2\/types\/page"}],"author":[{"embeddable":true,"href":"https:\/\/shoko.nl\/pl\/wp-json\/wp\/v2\/users\/3"}],"replies":[{"embeddable":true,"href":"https:\/\/shoko.nl\/pl\/wp-json\/wp\/v2\/comments?post=54724"}],"version-history":[{"count":4,"href":"https:\/\/shoko.nl\/pl\/wp-json\/wp\/v2\/pages\/54724\/revisions"}],"predecessor-version":[{"id":54769,"href":"https:\/\/shoko.nl\/pl\/wp-json\/wp\/v2\/pages\/54724\/revisions\/54769"}],"wp:attachment":[{"href":"https:\/\/shoko.nl\/pl\/wp-json\/wp\/v2\/media?parent=54724"}],"curies":[{"name":"wp","href":"https:\/\/api.w.org\/{rel}","templated":true}]}}